{"id":15601,"date":"2022-01-21T10:47:05","date_gmt":"2022-01-21T09:47:05","guid":{"rendered":"https:\/\/resimart.com\/%d1%83%d0%bb%d1%83%d1%87%d1%88%d0%b8%d1%82%d1%8c-%d0%b7%d0%b0%d0%b2%d0%be%d0%b4-%d0%bf%d0%be-%d0%bf%d1%80%d0%be%d0%b8%d0%b7%d0%b2%d0%be%d0%b4%d1%81%d1%82%d0%b2%d1%83-%d0%bf%d1%80%d0%b5%d0%b4%d0%b2\/"},"modified":"2022-06-10T08:57:50","modified_gmt":"2022-06-10T06:57:50","slug":"%d1%83%d0%bb%d1%83%d1%87%d1%88%d0%b8%d1%82%d1%8c-%d0%b7%d0%b0%d0%b2%d0%be%d0%b4-%d0%bf%d0%be-%d0%bf%d1%80%d0%be%d0%b8%d0%b7%d0%b2%d0%be%d0%b4%d1%81%d1%82%d0%b2%d1%83-%d0%bf%d1%80%d0%b5%d0%b4%d0%b2","status":"publish","type":"page","link":"https:\/\/resimart.com\/ru\/%d1%83%d0%bb%d1%83%d1%87%d1%88%d0%b8%d1%82%d1%8c-%d0%b7%d0%b0%d0%b2%d0%be%d0%b4-%d0%bf%d0%be-%d0%bf%d1%80%d0%be%d0%b8%d0%b7%d0%b2%d0%be%d0%b4%d1%81%d1%82%d0%b2%d1%83-%d0%bf%d1%80%d0%b5%d0%b4%d0%b2\/","title":{"rendered":"\u0423\u043b\u0443\u0447\u0448\u0438\u0442\u044c \u0437\u0430\u0432\u043e\u0434 \u043f\u043e \u043f\u0440\u043e\u0438\u0437\u0432\u043e\u0434\u0441\u0442\u0432\u0443 \u043f\u0440\u0435\u0434\u0432\u0430\u0440\u0438\u0442\u0435\u043b\u044c\u043d\u043e \u043d\u0430\u043f\u0440\u044f\u0436\u0435\u043d\u043d\u043e\u0433\u043e \u0431\u0435\u0442\u043e\u043d\u0430"},"content":{"rendered":"\t\t<div data-elementor-type=\"wp-page\" data-elementor-id=\"15601\" class=\"elementor elementor-15601 elementor-13852\" data-elementor-post-type=\"page\">\n\t\t\t\t\t\t<section class=\"elementor-section elementor-top-section elementor-element elementor-element-c56a849 elementor-section-height-min-height elementor-section-boxed elementor-section-height-default elementor-section-items-middle\" data-id=\"c56a849\" data-element_type=\"section\" data-settings=\"{&quot;background_background&quot;:&quot;classic&quot;}\">\n\t\t\t\t\t\t\t<div class=\"elementor-background-overlay\"><\/div>\n\t\t\t\t\t\t\t<div class=\"elementor-container elementor-column-gap-default\">\n\t\t\t\t\t<div class=\"elementor-column elementor-col-33 elementor-top-column elementor-element elementor-element-cb6b703\" data-id=\"cb6b703\" data-element_type=\"column\" data-settings=\"{&quot;background_background&quot;:&quot;classic&quot;}\">\n\t\t\t<div class=\"elementor-widget-wrap elementor-element-populated\">\n\t\t\t\t\t\t<div class=\"elementor-element elementor-element-3995546 elementor-widget elementor-widget-image\" data-id=\"3995546\" data-element_type=\"widget\" data-widget_type=\"image.default\">\n\t\t\t\t<div class=\"elementor-widget-container\">\n\t\t\t<style>\/*! elementor - v3.22.0 - 24-06-2024 *\/\n.elementor-widget-image{text-align:center}.elementor-widget-image a{display:inline-block}.elementor-widget-image a img[src$=\".svg\"]{width:48px}.elementor-widget-image img{vertical-align:middle;display:inline-block}<\/style>\t\t\t\t\t\t\t\t\t\t<img fetchpriority=\"high\" decoding=\"async\" width=\"293\" height=\"292\" src=\"https:\/\/resimart.com\/wp-content\/uploads\/2022\/01\/icon1.png\" class=\"attachment-full size-full wp-image-13828\" alt=\"Invertir en f\u00e1brica de pretensados de hormig\u00f3n\" srcset=\"https:\/\/resimart.com\/wp-content\/uploads\/2022\/01\/icon1.png 293w, https:\/\/resimart.com\/wp-content\/uploads\/2022\/01\/icon1-150x150.png 150w\" sizes=\"(max-width: 293px) 100vw, 293px\" \/>\t\t\t\t\t\t\t\t\t\t\t\t\t<\/div>\n\t\t\t\t<\/div>\n\t\t\t\t\t<\/div>\n\t\t<\/div>\n\t\t\t\t<div class=\"elementor-column elementor-col-33 elementor-top-column elementor-element elementor-element-9929c0d\" data-id=\"9929c0d\" data-element_type=\"column\">\n\t\t\t<div class=\"elementor-widget-wrap elementor-element-populated\">\n\t\t\t\t\t\t<div class=\"elementor-element elementor-element-d85a76f elementor-widget elementor-widget-heading\" data-id=\"d85a76f\" data-element_type=\"widget\" data-widget_type=\"heading.default\">\n\t\t\t\t<div class=\"elementor-widget-container\">\n\t\t\t<style>\/*! elementor - v3.22.0 - 24-06-2024 *\/\n.elementor-heading-title{padding:0;margin:0;line-height:1}.elementor-widget-heading .elementor-heading-title[class*=elementor-size-]>a{color:inherit;font-size:inherit;line-height:inherit}.elementor-widget-heading .elementor-heading-title.elementor-size-small{font-size:15px}.elementor-widget-heading .elementor-heading-title.elementor-size-medium{font-size:19px}.elementor-widget-heading .elementor-heading-title.elementor-size-large{font-size:29px}.elementor-widget-heading .elementor-heading-title.elementor-size-xl{font-size:39px}.elementor-widget-heading .elementor-heading-title.elementor-size-xxl{font-size:59px}<\/style><p class=\"elementor-heading-title elementor-size-default\">\u042f \u041f\u0420\u041e\u0418\u0417\u0412\u041e\u0414\u0418\u0422\u0415\u041b\u042c<\/p>\t\t<\/div>\n\t\t\t\t<\/div>\n\t\t\t\t<div class=\"elementor-element elementor-element-ae265dd elementor-widget elementor-widget-heading\" data-id=\"ae265dd\" data-element_type=\"widget\" data-widget_type=\"heading.default\">\n\t\t\t\t<div class=\"elementor-widget-container\">\n\t\t\t<h1 class=\"elementor-heading-title elementor-size-default\">\u0423 \u043c\u0435\u043d\u044f \u0443\u0436\u0435 \u0435\u0441\u0442\u044c \u0437\u0430\u0432\u043e\u0434 \u0416\u0411\u0418, \u0438 \u044f \u0445\u043e\u0447\u0443 \u0435\u0433\u043e \u043c\u043e\u0434\u0435\u0440\u043d\u0438\u0437\u0438\u0440\u043e\u0432\u0430\u0442\u044c\/\u0440\u0430\u0441\u0448\u0438\u0440\u0438\u0442\u044c\n<\/h1>\t\t<\/div>\n\t\t\t\t<\/div>\n\t\t\t\t\t<\/div>\n\t\t<\/div>\n\t\t\t\t<div class=\"elementor-column elementor-col-33 elementor-top-column elementor-element elementor-element-4931ac7\" data-id=\"4931ac7\" data-element_type=\"column\">\n\t\t\t<div class=\"elementor-widget-wrap\">\n\t\t\t\t\t\t\t<\/div>\n\t\t<\/div>\n\t\t\t\t\t<\/div>\n\t\t<\/section>\n\t\t\t\t<section class=\"elementor-section elementor-top-section elementor-element elementor-element-556a0f33 elementor-section-content-top elementor-section-boxed elementor-section-height-default elementor-section-height-default\" data-id=\"556a0f33\" data-element_type=\"section\">\n\t\t\t\t\t\t<div class=\"elementor-container elementor-column-gap-default\">\n\t\t\t\t\t<div class=\"elementor-column elementor-col-50 elementor-top-column elementor-element elementor-element-54b3119f\" data-id=\"54b3119f\" data-element_type=\"column\">\n\t\t\t<div class=\"elementor-widget-wrap elementor-element-populated\">\n\t\t\t\t\t\t<div class=\"elementor-element elementor-element-6a8f64f0 elementor-widget elementor-widget-text-editor\" data-id=\"6a8f64f0\" data-element_type=\"widget\" data-widget_type=\"text-editor.default\">\n\t\t\t\t<div class=\"elementor-widget-container\">\n\t\t\t<style>\/*! elementor - v3.22.0 - 24-06-2024 *\/\n.elementor-widget-text-editor.elementor-drop-cap-view-stacked .elementor-drop-cap{background-color:#69727d;color:#fff}.elementor-widget-text-editor.elementor-drop-cap-view-framed .elementor-drop-cap{color:#69727d;border:3px solid;background-color:transparent}.elementor-widget-text-editor:not(.elementor-drop-cap-view-default) .elementor-drop-cap{margin-top:8px}.elementor-widget-text-editor:not(.elementor-drop-cap-view-default) .elementor-drop-cap-letter{width:1em;height:1em}.elementor-widget-text-editor .elementor-drop-cap{float:left;text-align:center;line-height:1;font-size:50px}.elementor-widget-text-editor .elementor-drop-cap-letter{display:inline-block}<\/style>\t\t\t\t<p>\u0412\u044b \u043f\u0440\u043e\u0438\u0437\u0432\u043e\u0434\u0438\u0442\u0435\u043b\u044c \u0416\u0411\u0418 \u0438\u0437 \u043f\u0440\u0435\u0434\u043d\u0430\u043f\u0440\u044f\u0436\u0435\u043d\u043d\u043e\u0433\u043e \u0431\u0435\u0442\u043e\u043d\u0430 \u0438 \u0412\u044b \u043f\u0440\u0435\u043a\u0440\u0430\u0441\u043d\u043e\u0435 \u0437\u043d\u0430\u0435\u0442\u0435, \u043a\u0430\u043a\u043e\u0435 \u0437\u043d\u0430\u0447\u0435\u043d\u0438\u0435 \u0438\u043c\u0435\u0435\u0442 <strong>\u043a\u0430\u0447\u0435\u0441\u0442\u0432\u0435\u043d\u043d\u043e\u0435 \u043e\u0431\u043e\u0440\u0443\u0434\u043e\u0432\u0430\u043d\u0438\u044f \u0434\u043b\u044f \u0435\u0433\u043e \u0432\u044b\u043f\u0443\u0441\u043a\u0430<\/strong>.<\/p><p>\u0412\u043e\u0442 \u043f\u043e\u0447\u0435\u043c\u0443 \u0432\u044b <strong>\u0438\u0449\u0435\u0442\u0435 \u043f\u043e\u0441\u0442\u0430\u0432\u0449\u0438\u043a\u0430 \u043c\u0430\u0448\u0438\u043d \u0434\u043b\u044f \u0438\u0437\u0433\u043e\u0442\u043e\u0432\u043b\u0435\u043d\u0438\u044f \u0416\u0411\u0418<\/strong>, \u043a\u043e\u0442\u043e\u0440\u044b\u0439 \u044f\u0432\u043b\u044f\u0435\u0442\u0441\u044f \u0431\u044b\u0441\u0442\u0440\u044b\u043c, \u044d\u0444\u0444\u0435\u043a\u0442\u0438\u0432\u043d\u044b\u043c, \u0441 \u0434\u043e\u0441\u0442\u0443\u043f\u043d\u044b\u043c\u0438 \u0446\u0435\u043d\u0430\u043c\u0438, \u0441\u043f\u0435\u0446\u0438\u0430\u043b\u0438\u0437\u0438\u0440\u0443\u044e\u0449\u0438\u0439\u0441\u044f \u0438\u0441\u043a\u043b\u044e\u0447\u0438\u0442\u0435\u043b\u044c\u043d\u043e \u0432 \u0434\u0430\u043d\u043d\u043e\u0439 \u043e\u0431\u043b\u0430\u0441\u0442\u0438, \u0441 \u0431\u043e\u043b\u044c\u0448\u0438\u043c \u043e\u043f\u044b\u0442\u043e\u043c \u0438 \u043a\u043e\u0442\u043e\u0440\u044b\u0439 \u043f\u0440\u0435\u0434\u043b\u0430\u0433\u0430\u0435\u0442 \u0432\u0430\u043c \u0431\u043e\u043b\u044c\u0448\u0435, \u0447\u0435\u043c \u043f\u0440\u043e\u0441\u0442\u043e \u043f\u0440\u043e\u0434\u0430\u0436\u0430 \u043e\u0431\u043e\u0440\u0443\u0434\u043e\u0432\u0430\u043d\u0438\u044f.<\/p>\t\t\t\t\t\t<\/div>\n\t\t\t\t<\/div>\n\t\t\t\t\t<\/div>\n\t\t<\/div>\n\t\t\t\t<div class=\"elementor-column elementor-col-50 elementor-top-column elementor-element elementor-element-7d30e994\" data-id=\"7d30e994\" data-element_type=\"column\">\n\t\t\t<div class=\"elementor-widget-wrap elementor-element-populated\">\n\t\t\t\t\t\t<div class=\"elementor-element elementor-element-29b2910 elementor-widget elementor-widget-text-editor\" data-id=\"29b2910\" data-element_type=\"widget\" data-widget_type=\"text-editor.default\">\n\t\t\t\t<div class=\"elementor-widget-container\">\n\t\t\t\t\t\t\t<p>Resimart \u0438\u043c\u0435\u0435\u0442 <strong>\u0431\u043e\u043b\u0435\u0435 40 \u043b\u0435\u0442 \u043e\u043f\u044b\u0442\u0430 \u0432 \u0438\u0437\u0433\u043e\u0442\u043e\u0432\u043b\u0435\u043d\u0438\u0438<\/strong> \u0432\u0441\u0435\u0445 \u0432\u0438\u0434\u043e\u0432 \u043c\u0430\u0448\u0438\u043d \u0438 \u043e\u0431\u0440\u0443\u0434\u043e\u0432\u0430\u043d\u0438\u044f \u0434\u043b\u044f <strong>\u043f\u0440\u043e\u0438\u0437\u0432\u043e\u0434\u0438\u0442\u0435\u043b\u0435\u0439 \u043f\u0440\u0435\u0434\u0432\u0430\u0440\u0438\u0442\u0435\u043b\u044c\u043d\u043e \u043d\u0430\u043f\u0440\u044f\u0436\u0435\u043d\u043d\u043e\u0433\u043e \u0431\u0435\u0442\u043e\u043d\u0430<\/strong>.<\/p><p>\u0412 \u0442\u0435\u0447\u0435\u043d\u0438\u0435 \u044d\u0442\u0438\u0445 \u043b\u0435\u0442 \u043c\u044b \u0440\u0430\u0431\u043e\u0442\u0430\u043b\u0438 \u0441 \u0434\u0435\u0441\u044f\u0442\u043a\u0430\u043c\u0438 \u043a\u043e\u043c\u043f\u0430\u043d\u0438\u0439 \u0432 \u0418\u0441\u043f\u0430\u043d\u0438\u0438 \u0438, \u0432 \u043d\u0430\u0441\u0442\u043e\u044f\u0449\u0435\u0435 \u0432\u0440\u0435\u043c\u044f, \u044d\u043a\u0441\u043f\u043e\u0440\u0442\u0438\u0440\u0443\u0435\u043c \u043e\u0431\u0440\u0443\u0434\u043e\u0432\u0430\u043d\u0438\u0435 \u0432 \u0441\u0442\u0440\u0430\u043d\u044b \u043d\u0430 \u043d\u0435\u0441\u043a\u043e\u043b\u044c\u043a\u0438\u0445 \u043a\u043e\u043d\u0442\u0438\u043d\u0435\u043d\u0442\u0430\u0445.<\/p>\t\t\t\t\t\t<\/div>\n\t\t\t\t<\/div>\n\t\t\t\t\t<\/div>\n\t\t<\/div>\n\t\t\t\t\t<\/div>\n\t\t<\/section>\n\t\t\t\t<section class=\"elementor-section elementor-top-section elementor-element elementor-element-b4e70a8 elementor-section-boxed elementor-section-height-default elementor-section-height-default\" data-id=\"b4e70a8\" data-element_type=\"section\">\n\t\t\t\t\t\t<div class=\"elementor-container elementor-column-gap-default\">\n\t\t\t\t\t<div class=\"elementor-column elementor-col-50 elementor-top-column elementor-element elementor-element-2362124e\" data-id=\"2362124e\" data-element_type=\"column\">\n\t\t\t<div class=\"elementor-widget-wrap elementor-element-populated\">\n\t\t\t\t\t\t<div class=\"elementor-element elementor-element-724d5a7b elementor-widget elementor-widget-heading\" data-id=\"724d5a7b\" data-element_type=\"widget\" data-widget_type=\"heading.default\">\n\t\t\t\t<div class=\"elementor-widget-container\">\n\t\t\t<h2 class=\"elementor-heading-title elementor-size-default\">\u00bfPor qu\u00e9 elegir los equipos de Resimart?<\/h2>\t\t<\/div>\n\t\t\t\t<\/div>\n\t\t\t\t\t<\/div>\n\t\t<\/div>\n\t\t\t\t<div class=\"elementor-column elementor-col-50 elementor-top-column elementor-element elementor-element-598a704b\" data-id=\"598a704b\" data-element_type=\"column\">\n\t\t\t<div class=\"elementor-widget-wrap\">\n\t\t\t\t\t\t\t<\/div>\n\t\t<\/div>\n\t\t\t\t\t<\/div>\n\t\t<\/section>\n\t\t\t\t<section class=\"elementor-section elementor-top-section elementor-element elementor-element-64eb41b1 elementor-section-boxed elementor-section-height-default elementor-section-height-default\" data-id=\"64eb41b1\" data-element_type=\"section\">\n\t\t\t\t\t\t<div class=\"elementor-container elementor-column-gap-default\">\n\t\t\t\t\t<div class=\"elementor-column elementor-col-50 elementor-top-column elementor-element elementor-element-69fc028d\" data-id=\"69fc028d\" data-element_type=\"column\">\n\t\t\t<div class=\"elementor-widget-wrap elementor-element-populated\">\n\t\t\t\t\t\t<div class=\"elementor-element elementor-element-3ad6fbda elementor-icon-list--layout-traditional elementor-list-item-link-full_width elementor-widget elementor-widget-icon-list\" data-id=\"3ad6fbda\" data-element_type=\"widget\" data-widget_type=\"icon-list.default\">\n\t\t\t\t<div class=\"elementor-widget-container\">\n\t\t\t<link rel=\"stylesheet\" href=\"https:\/\/resimart.com\/wp-content\/plugins\/elementor\/assets\/css\/widget-icon-list.min.css\">\t\t<ul class=\"elementor-icon-list-items\">\n\t\t\t\t\t\t\t<li class=\"elementor-icon-list-item\">\n\t\t\t\t\t\t\t\t\t\t\t<span class=\"elementor-icon-list-icon\">\n\t\t\t\t\t\t\t<i aria-hidden=\"true\" class=\"fas fa-check-circle\"><\/i>\t\t\t\t\t\t<\/span>\n\t\t\t\t\t\t\t\t\t\t<span class=\"elementor-icon-list-text\">Porque buscas experiencia. Empezamos en el sector desde hace m\u00e1s de 40 a\u00f1os. <\/span>\n\t\t\t\t\t\t\t\t\t<\/li>\n\t\t\t\t\t\t\t\t<li class=\"elementor-icon-list-item\">\n\t\t\t\t\t\t\t\t\t\t\t<span class=\"elementor-icon-list-icon\">\n\t\t\t\t\t\t\t<i aria-hidden=\"true\" class=\"fas fa-check-circle\"><\/i>\t\t\t\t\t\t<\/span>\n\t\t\t\t\t\t\t\t\t\t<span class=\"elementor-icon-list-text\">Porque quieres especialistas en este tipo de maquinaria. Comenzamos en los a\u00f1os 70 dise\u00f1ando maquinaria para los pretensados de hormig\u00f3n. Nacimos en este sector y hemos evolucionado con \u00e9l. <\/span>\n\t\t\t\t\t\t\t\t\t<\/li>\n\t\t\t\t\t\t\t\t<li class=\"elementor-icon-list-item\">\n\t\t\t\t\t\t\t\t\t\t\t<span class=\"elementor-icon-list-icon\">\n\t\t\t\t\t\t\t<i aria-hidden=\"true\" class=\"fas fa-check-circle\"><\/i>\t\t\t\t\t\t<\/span>\n\t\t\t\t\t\t\t\t\t\t<span class=\"elementor-icon-list-text\">Porque nuestra especializaci\u00f3n nos permite optimizar los costes y ofrecer unos precios m\u00e1s que competitivos.<\/span>\n\t\t\t\t\t\t\t\t\t<\/li>\n\t\t\t\t\t\t<\/ul>\n\t\t\t\t<\/div>\n\t\t\t\t<\/div>\n\t\t\t\t\t<\/div>\n\t\t<\/div>\n\t\t\t\t<div class=\"elementor-column elementor-col-50 elementor-top-column elementor-element elementor-element-2addd5ff\" data-id=\"2addd5ff\" data-element_type=\"column\">\n\t\t\t<div class=\"elementor-widget-wrap elementor-element-populated\">\n\t\t\t\t\t\t<div class=\"elementor-element elementor-element-6267f7d elementor-icon-list--layout-traditional elementor-list-item-link-full_width elementor-widget elementor-widget-icon-list\" data-id=\"6267f7d\" data-element_type=\"widget\" data-widget_type=\"icon-list.default\">\n\t\t\t\t<div class=\"elementor-widget-container\">\n\t\t\t\t\t<ul class=\"elementor-icon-list-items\">\n\t\t\t\t\t\t\t<li class=\"elementor-icon-list-item\">\n\t\t\t\t\t\t\t\t\t\t\t<span class=\"elementor-icon-list-icon\">\n\t\t\t\t\t\t\t<i aria-hidden=\"true\" class=\"fas fa-check-circle\"><\/i>\t\t\t\t\t\t<\/span>\n\t\t\t\t\t\t\t\t\t\t<span class=\"elementor-icon-list-text\">Porque quieres contar con proveedores en los que puedas confiar durante toda la vida \u00fatil de los equipos. El servicio de reparaci\u00f3n y puesta a punto que ofrecemos es de los m\u00e1s valorados de nuestra cartera. <\/span>\n\t\t\t\t\t\t\t\t\t<\/li>\n\t\t\t\t\t\t\t\t<li class=\"elementor-icon-list-item\">\n\t\t\t\t\t\t\t\t\t\t\t<span class=\"elementor-icon-list-icon\">\n\t\t\t\t\t\t\t<i aria-hidden=\"true\" class=\"fas fa-check-circle\"><\/i>\t\t\t\t\t\t<\/span>\n\t\t\t\t\t\t\t\t\t\t<span class=\"elementor-icon-list-text\">Porque no solo ofrecemos maquinaria a nuestros clientes, tambi\u00e9n asesoramiento, dise\u00f1o, instalaci\u00f3n, puesta en marcha y formaci\u00f3n de la plantilla adem\u00e1s de cursos de reciclaje peri\u00f3dicos. <\/span>\n\t\t\t\t\t\t\t\t\t<\/li>\n\t\t\t\t\t\t<\/ul>\n\t\t\t\t<\/div>\n\t\t\t\t<\/div>\n\t\t\t\t\t<\/div>\n\t\t<\/div>\n\t\t\t\t\t<\/div>\n\t\t<\/section>\n\t\t\t\t<section class=\"elementor-section elementor-top-section elementor-element elementor-element-576ef504 elementor-section-content-middle elementor-section-boxed elementor-section-height-default elementor-section-height-default\" data-id=\"576ef504\" data-element_type=\"section\" data-settings=\"{&quot;background_background&quot;:&quot;classic&quot;}\">\n\t\t\t\t\t\t\t<div class=\"elementor-background-overlay\"><\/div>\n\t\t\t\t\t\t\t<div class=\"elementor-container elementor-column-gap-default\">\n\t\t\t\t\t<div class=\"elementor-column elementor-col-100 elementor-top-column elementor-element elementor-element-5e37c6c0\" data-id=\"5e37c6c0\" data-element_type=\"column\">\n\t\t\t<div class=\"elementor-widget-wrap elementor-element-populated\">\n\t\t\t\t\t\t<div class=\"elementor-element elementor-element-42ba757 elementor-cta--layout-image-left elementor-cta--skin-classic elementor-animated-content elementor-bg-transform elementor-bg-transform-zoom-in elementor-widget elementor-widget-call-to-action\" data-id=\"42ba757\" data-element_type=\"widget\" data-widget_type=\"call-to-action.default\">\n\t\t\t\t<div class=\"elementor-widget-container\">\n\t\t\t<link rel=\"stylesheet\" href=\"https:\/\/resimart.com\/wp-content\/plugins\/elementor-pro\/assets\/css\/widget-call-to-action.min.css\">\t\t<div class=\"elementor-cta\">\n\t\t\t\t\t<div class=\"elementor-cta__bg-wrapper\">\n\t\t\t\t<div class=\"elementor-cta__bg elementor-bg\" style=\"background-image: url(https:\/\/resimart.com\/wp-content\/uploads\/2022\/01\/contacto-1024x484.webp);\" role=\"img\" aria-label=\"Contacto Resimart\"><\/div>\n\t\t\t\t<div class=\"elementor-cta__bg-overlay\"><\/div>\n\t\t\t<\/div>\n\t\t\t\t\t\t\t<div class=\"elementor-cta__content\">\n\t\t\t\t\n\t\t\t\t\t\t\t\t\t<h3 class=\"elementor-cta__title elementor-cta__content-item elementor-content-item\">\n\t\t\t\t\t\t\u041d\u0443\u0436\u043d\u043e \u0431\u043e\u043b\u044c\u0448\u0435 \u043f\u0440\u0438\u0447\u0438\u043d?\t\t\t\t\t<\/h3>\n\t\t\t\t\n\t\t\t\t\t\t\t\t\t<div class=\"elementor-cta__description elementor-cta__content-item elementor-content-item\">\n\t\t\t\t\t\t \u041f\u043e\u0437\u0432\u043e\u043d\u0438\u0442\u0435 \u043d\u0430\u043c, \u0438 \u043c\u044b \u043f\u0440\u043e\u043a\u043e\u043d\u0441\u0443\u043b\u044c\u0442\u0438\u0440\u0443\u0435\u043c \u0432\u0430\u0441 \u043f\u043e \u0432\u0430\u0448\u0435\u043c\u0443 \u043a\u043e\u043d\u043a\u0440\u0435\u0442\u043d\u043e\u043c\u0443 \u0441\u043b\u0443\u0447\u0430\u044e.\n\t\t\t\t\t<\/div>\n\t\t\t\t\n\t\t\t\t\t\t\t\t\t<div class=\"elementor-cta__button-wrapper elementor-cta__content-item elementor-content-item \">\n\t\t\t\t\t<a class=\"elementor-cta__button elementor-button elementor-size-md\" href=\"tel:(+34)962520291\">\n\t\t\t\t\t\t\u041a\u043e\u043d\u0442\u0430\u043a\u0442\t\t\t\t\t<\/a>\n\t\t\t\t\t<\/div>\n\t\t\t\t\t\t\t<\/div>\n\t\t\t\t\t\t\t<div class=\"elementor-ribbon\">\n\t\t\t\t<div class=\"elementor-ribbon-inner\">\u0414\u043e\u043f\u043e\u043b\u043d\u0438\u0442\u0435\u043b\u044c\u043d\u0430\u044f \u0438\u043d\u0444\u043e\u0440\u043c\u0430\u0446\u0438\u044f<\/div>\n\t\t\t<\/div>\n\t\t\t\t<\/div>\n\t\t\t\t<\/div>\n\t\t\t\t<\/div>\n\t\t\t\t\t<\/div>\n\t\t<\/div>\n\t\t\t\t\t<\/div>\n\t\t<\/section>\n\t\t\t\t<\/div>\n\t\t","protected":false},"excerpt":{"rendered":"<p>\u042f \u041f\u0420\u041e\u0418\u0417\u0412\u041e\u0414\u0418\u0422\u0415\u041b\u042c \u0423 \u043c\u0435\u043d\u044f \u0443\u0436\u0435 \u0435\u0441\u0442\u044c \u0437\u0430\u0432\u043e\u0434 \u0416\u0411\u0418, \u0438 \u044f \u0445\u043e\u0447\u0443 \u0435\u0433\u043e \u043c\u043e\u0434\u0435\u0440\u043d\u0438\u0437\u0438\u0440\u043e\u0432\u0430\u0442\u044c\/\u0440\u0430\u0441\u0448\u0438\u0440\u0438\u0442\u044c \u0412\u044b \u043f\u0440\u043e\u0438\u0437\u0432\u043e\u0434\u0438\u0442\u0435\u043b\u044c \u0416\u0411\u0418 \u0438\u0437 \u043f\u0440\u0435\u0434\u043d\u0430\u043f\u0440\u044f\u0436\u0435\u043d\u043d\u043e\u0433\u043e \u0431\u0435\u0442\u043e\u043d\u0430 \u0438 \u0412\u044b \u043f\u0440\u0435\u043a\u0440\u0430\u0441\u043d\u043e\u0435 \u0437\u043d\u0430\u0435\u0442\u0435, \u043a\u0430\u043a\u043e\u0435 \u0437\u043d\u0430\u0447\u0435\u043d\u0438\u0435 \u0438\u043c\u0435\u0435\u0442 \u043a\u0430\u0447\u0435\u0441\u0442\u0432\u0435\u043d\u043d\u043e\u0435 \u043e\u0431\u043e\u0440\u0443\u0434\u043e\u0432\u0430\u043d\u0438\u044f \u0434\u043b\u044f \u0435\u0433\u043e \u0432\u044b\u043f\u0443\u0441\u043a\u0430. \u0412\u043e\u0442 \u043f\u043e\u0447\u0435\u043c\u0443 \u0432\u044b \u0438\u0449\u0435\u0442\u0435 \u043f\u043e\u0441\u0442\u0430\u0432\u0449\u0438\u043a\u0430 \u043c\u0430\u0448\u0438\u043d \u0434\u043b\u044f \u0438\u0437\u0433\u043e\u0442\u043e\u0432\u043b\u0435\u043d\u0438\u044f \u0416\u0411\u0418, \u043a\u043e\u0442\u043e\u0440\u044b\u0439 \u044f\u0432\u043b\u044f\u0435\u0442\u0441\u044f \u0431\u044b\u0441\u0442\u0440\u044b\u043c, \u044d\u0444\u0444\u0435\u043a\u0442\u0438\u0432\u043d\u044b\u043c, \u0441 \u0434\u043e\u0441\u0442\u0443\u043f\u043d\u044b\u043c\u0438 \u0446\u0435\u043d\u0430\u043c\u0438, \u0441\u043f\u0435\u0446\u0438\u0430\u043b\u0438\u0437\u0438\u0440\u0443\u044e\u0449\u0438\u0439\u0441\u044f \u0438\u0441\u043a\u043b\u044e\u0447\u0438\u0442\u0435\u043b\u044c\u043d\u043e \u0432 \u0434\u0430\u043d\u043d\u043e\u0439 \u043e\u0431\u043b\u0430\u0441\u0442\u0438, \u0441 \u0431\u043e\u043b\u044c\u0448\u0438\u043c \u043e\u043f\u044b\u0442\u043e\u043c&hellip;&nbsp;<a href=\"https:\/\/resimart.com\/ru\/%d1%83%d0%bb%d1%83%d1%87%d1%88%d0%b8%d1%82%d1%8c-%d0%b7%d0%b0%d0%b2%d0%be%d0%b4-%d0%bf%d0%be-%d0%bf%d1%80%d0%be%d0%b8%d0%b7%d0%b2%d0%be%d0%b4%d1%81%d1%82%d0%b2%d1%83-%d0%bf%d1%80%d0%b5%d0%b4%d0%b2\/\" class=\"\" rel=\"bookmark\">\u041f\u043e\u0434\u0440\u043e\u0431\u043d\u0435\u0435 &raquo;<span class=\"screen-reader-text\">\u0423\u043b\u0443\u0447\u0448\u0438\u0442\u044c \u0437\u0430\u0432\u043e\u0434 \u043f\u043e \u043f\u0440\u043e\u0438\u0437\u0432\u043e\u0434\u0441\u0442\u0432\u0443 \u043f\u0440\u0435\u0434\u0432\u0430\u0440\u0438\u0442\u0435\u043b\u044c\u043d\u043e \u043d\u0430\u043f\u0440\u044f\u0436\u0435\u043d\u043d\u043e\u0433\u043e \u0431\u0435\u0442\u043e\u043d\u0430<\/span><\/a><\/p>\n","protected":false},"author":1,"featured_media":13856,"parent":0,"menu_order":0,"comment_status":"closed","ping_status":"closed","template":"elementor_header_footer","meta":{"content-type":"","neve_meta_sidebar":"","neve_meta_container":"","neve_meta_enable_content_width":"","neve_meta_content_width":0,"neve_meta_title_alignment":"","neve_meta_author_avatar":"","neve_post_elements_order":"","neve_meta_disable_header":"","neve_meta_disable_footer":"","neve_meta_disable_title":"","footnotes":""},"categories":[],"tags":[],"_links":{"self":[{"href":"https:\/\/resimart.com\/ru\/wp-json\/wp\/v2\/pages\/15601"}],"collection":[{"href":"https:\/\/resimart.com\/ru\/wp-json\/wp\/v2\/pages"}],"about":[{"href":"https:\/\/resimart.com\/ru\/wp-json\/wp\/v2\/types\/page"}],"author":[{"embeddable":true,"href":"https:\/\/resimart.com\/ru\/wp-json\/wp\/v2\/users\/1"}],"replies":[{"embeddable":true,"href":"https:\/\/resimart.com\/ru\/wp-json\/wp\/v2\/comments?post=15601"}],"version-history":[{"count":1,"href":"https:\/\/resimart.com\/ru\/wp-json\/wp\/v2\/pages\/15601\/revisions"}],"predecessor-version":[{"id":15602,"href":"https:\/\/resimart.com\/ru\/wp-json\/wp\/v2\/pages\/15601\/revisions\/15602"}],"wp:featuredmedia":[{"embeddable":true,"href":"https:\/\/resimart.com\/ru\/wp-json\/wp\/v2\/media\/13856"}],"wp:attachment":[{"href":"https:\/\/resimart.com\/ru\/wp-json\/wp\/v2\/media?parent=15601"}],"wp:term":[{"taxonomy":"category","embeddable":true,"href":"https:\/\/resimart.com\/ru\/wp-json\/wp\/v2\/categories?post=15601"},{"taxonomy":"post_tag","embeddable":true,"href":"https:\/\/resimart.com\/ru\/wp-json\/wp\/v2\/tags?post=15601"}],"curies":[{"name":"wp","href":"https:\/\/api.w.org\/{rel}","templated":true}]}}