{"id":15042,"date":"2015-05-13T11:16:47","date_gmt":"2015-05-13T09:16:47","guid":{"rendered":"https:\/\/resimart.com\/histoire\/"},"modified":"2022-03-30T09:58:42","modified_gmt":"2022-03-30T07:58:42","slug":"histoire","status":"publish","type":"page","link":"https:\/\/resimart.com\/fr\/histoire\/","title":{"rendered":"Histoire"},"content":{"rendered":"\t\t<div data-elementor-type=\"wp-page\" data-elementor-id=\"15042\" class=\"elementor elementor-15042 elementor-9521\" data-elementor-post-type=\"page\">\n\t\t\t\t\t\t<section class=\"elementor-section elementor-top-section elementor-element elementor-element-47033f00 elementor-section-height-min-height elementor-section-boxed elementor-section-height-default elementor-section-items-middle\" data-id=\"47033f00\" data-element_type=\"section\" data-settings=\"{&quot;background_background&quot;:&quot;classic&quot;}\">\n\t\t\t\t\t\t\t<div class=\"elementor-background-overlay\"><\/div>\n\t\t\t\t\t\t\t<div class=\"elementor-container elementor-column-gap-default\">\n\t\t\t\t\t<div class=\"elementor-column elementor-col-50 elementor-top-column elementor-element elementor-element-1bf6581a\" data-id=\"1bf6581a\" data-element_type=\"column\">\n\t\t\t<div class=\"elementor-widget-wrap elementor-element-populated\">\n\t\t\t\t\t\t<div class=\"elementor-element elementor-element-60c771f5 elementor-widget elementor-widget-heading\" data-id=\"60c771f5\" data-element_type=\"widget\" data-widget_type=\"heading.default\">\n\t\t\t\t<div class=\"elementor-widget-container\">\n\t\t\t<style>\/*! elementor - v3.22.0 - 24-06-2024 *\/\n.elementor-heading-title{padding:0;margin:0;line-height:1}.elementor-widget-heading .elementor-heading-title[class*=elementor-size-]>a{color:inherit;font-size:inherit;line-height:inherit}.elementor-widget-heading .elementor-heading-title.elementor-size-small{font-size:15px}.elementor-widget-heading .elementor-heading-title.elementor-size-medium{font-size:19px}.elementor-widget-heading .elementor-heading-title.elementor-size-large{font-size:29px}.elementor-widget-heading .elementor-heading-title.elementor-size-xl{font-size:39px}.elementor-widget-heading .elementor-heading-title.elementor-size-xxl{font-size:59px}<\/style><p class=\"elementor-heading-title elementor-size-default\">Notre histoire commence avec la premi\u00e8re machine pour l'industrie pr\u00e9fabriqu\u00e9e qui a vu le jour en 1978. Quatre d\u00e9cennies plus tard, nous pouvons compter sur plus de 300 fabricants parmi nos clients r\u00e9partis dans le monde entier.\n<\/p>\t\t<\/div>\n\t\t\t\t<\/div>\n\t\t\t\t\t<\/div>\n\t\t<\/div>\n\t\t\t\t<div class=\"elementor-column elementor-col-50 elementor-top-column elementor-element elementor-element-6db7459\" data-id=\"6db7459\" data-element_type=\"column\">\n\t\t\t<div class=\"elementor-widget-wrap\">\n\t\t\t\t\t\t\t<\/div>\n\t\t<\/div>\n\t\t\t\t\t<\/div>\n\t\t<\/section>\n\t\t\t\t<section class=\"elementor-section elementor-top-section elementor-element elementor-element-3ac4db9a elementor-section-boxed elementor-section-height-default elementor-section-height-default\" data-id=\"3ac4db9a\" data-element_type=\"section\">\n\t\t\t\t\t\t<div class=\"elementor-container elementor-column-gap-default\">\n\t\t\t\t\t<div class=\"elementor-column elementor-col-50 elementor-top-column elementor-element elementor-element-56d00739\" data-id=\"56d00739\" data-element_type=\"column\">\n\t\t\t<div class=\"elementor-widget-wrap elementor-element-populated\">\n\t\t\t\t\t\t<div class=\"elementor-element elementor-element-2dbfb635 elementor-widget elementor-widget-heading\" data-id=\"2dbfb635\" data-element_type=\"widget\" data-widget_type=\"heading.default\">\n\t\t\t\t<div class=\"elementor-widget-container\">\n\t\t\t<h2 class=\"elementor-heading-title elementor-size-default\">Le premier projet complet cl\u00e9 en main<\/h2>\t\t<\/div>\n\t\t\t\t<\/div>\n\t\t\t\t<div class=\"elementor-element elementor-element-628ca8c2 elementor-widget elementor-widget-heading\" data-id=\"628ca8c2\" data-element_type=\"widget\" data-widget_type=\"heading.default\">\n\t\t\t\t<div class=\"elementor-widget-container\">\n\t\t\t<h3 class=\"elementor-heading-title elementor-size-default\">expansion internationale<\/h3>\t\t<\/div>\n\t\t\t\t<\/div>\n\t\t\t\t<div class=\"elementor-element elementor-element-d1f3ee0 elementor-widget elementor-widget-text-editor\" data-id=\"d1f3ee0\" data-element_type=\"widget\" data-widget_type=\"text-editor.default\">\n\t\t\t\t<div class=\"elementor-widget-container\">\n\t\t\t<style>\/*! elementor - v3.22.0 - 24-06-2024 *\/\n.elementor-widget-text-editor.elementor-drop-cap-view-stacked .elementor-drop-cap{background-color:#69727d;color:#fff}.elementor-widget-text-editor.elementor-drop-cap-view-framed .elementor-drop-cap{color:#69727d;border:3px solid;background-color:transparent}.elementor-widget-text-editor:not(.elementor-drop-cap-view-default) .elementor-drop-cap{margin-top:8px}.elementor-widget-text-editor:not(.elementor-drop-cap-view-default) .elementor-drop-cap-letter{width:1em;height:1em}.elementor-widget-text-editor .elementor-drop-cap{float:left;text-align:center;line-height:1;font-size:50px}.elementor-widget-text-editor .elementor-drop-cap-letter{display:inline-block}<\/style>\t\t\t\t<p>esimart a commenc\u00e9 son parcours avec le <strong>d\u00e9veloppement de machines pour la fabrication de pi\u00e8ces en b\u00e9ton pr\u00e9contraint<\/strong> et quelques ann\u00e9es plus tard, nous avons \u00e9largi les services jusqu&rsquo;\u00e0 pouvoir proposer le premier projet complet cl\u00e9 en main adapt\u00e9 \u00e0 l&rsquo;un de nos clients.<\/p><p>En <strong>1995<\/strong>, l&rsquo;\u00e9quipe de Resimart a lanc\u00e9 un nouveau <strong>mod\u00e8le de machine fileuse \u201cMD300\u201d<\/strong>sur le march\u00e9 dans la recherche constante d&rsquo;am\u00e9lioration continue qui fournit des solutions \u00e0 nos clients.<\/p><p>En <strong>2003<\/strong>, Resimart poursuit son expansion internationale avec les <strong>premi\u00e8res usines en Europe de l&rsquo;Est, en Afrique du Nord et en Asie<\/strong>.<\/p><p>Un autre des jalons importants qui ont marqu\u00e9 l&rsquo;histoire de Resimart est le d\u00e9veloppement de la <strong>premi\u00e8re extrudeuse<\/strong>, la <strong>XT500<\/strong>, \u00e9tant le seul fabricant espagnol \u00e0 int\u00e9grer cette technologie et donc le seul capable de fournir <strong>deux technologies de fabrication diff\u00e9rentes<\/strong>.<\/p>\t\t\t\t\t\t<\/div>\n\t\t\t\t<\/div>\n\t\t\t\t<div class=\"elementor-element elementor-element-5c95321 gallery-spacing-custom elementor-widget elementor-widget-image-gallery\" data-id=\"5c95321\" data-element_type=\"widget\" data-widget_type=\"image-gallery.default\">\n\t\t\t\t<div class=\"elementor-widget-container\">\n\t\t\t<style>\/*! elementor - v3.22.0 - 24-06-2024 *\/\n.elementor-image-gallery .gallery-item{display:inline-block;text-align:center;vertical-align:top;width:100%;max-width:100%;margin:0 auto}.elementor-image-gallery .gallery-item img{margin:0 auto}.elementor-image-gallery .gallery-item .gallery-caption{margin:0}.elementor-image-gallery figure img{display:block}.elementor-image-gallery figure figcaption{width:100%}.gallery-spacing-custom .elementor-image-gallery .gallery-icon{padding:0}@media (min-width:768px){.elementor-image-gallery .gallery-columns-2 .gallery-item{max-width:50%}.elementor-image-gallery .gallery-columns-3 .gallery-item{max-width:33.33%}.elementor-image-gallery .gallery-columns-4 .gallery-item{max-width:25%}.elementor-image-gallery .gallery-columns-5 .gallery-item{max-width:20%}.elementor-image-gallery .gallery-columns-6 .gallery-item{max-width:16.666%}.elementor-image-gallery .gallery-columns-7 .gallery-item{max-width:14.28%}.elementor-image-gallery .gallery-columns-8 .gallery-item{max-width:12.5%}.elementor-image-gallery .gallery-columns-9 .gallery-item{max-width:11.11%}.elementor-image-gallery .gallery-columns-10 .gallery-item{max-width:10%}}@media (min-width:480px) and (max-width:767px){.elementor-image-gallery .gallery.gallery-columns-2 .gallery-item,.elementor-image-gallery .gallery.gallery-columns-3 .gallery-item,.elementor-image-gallery .gallery.gallery-columns-4 .gallery-item,.elementor-image-gallery .gallery.gallery-columns-5 .gallery-item,.elementor-image-gallery .gallery.gallery-columns-6 .gallery-item,.elementor-image-gallery .gallery.gallery-columns-7 .gallery-item,.elementor-image-gallery .gallery.gallery-columns-8 .gallery-item,.elementor-image-gallery .gallery.gallery-columns-9 .gallery-item,.elementor-image-gallery .gallery.gallery-columns-10 .gallery-item{max-width:50%}}@media (max-width:479px){.elementor-image-gallery .gallery.gallery-columns-2 .gallery-item,.elementor-image-gallery .gallery.gallery-columns-3 .gallery-item,.elementor-image-gallery .gallery.gallery-columns-4 .gallery-item,.elementor-image-gallery .gallery.gallery-columns-5 .gallery-item,.elementor-image-gallery .gallery.gallery-columns-6 .gallery-item,.elementor-image-gallery .gallery.gallery-columns-7 .gallery-item,.elementor-image-gallery .gallery.gallery-columns-8 .gallery-item,.elementor-image-gallery .gallery.gallery-columns-9 .gallery-item,.elementor-image-gallery .gallery.gallery-columns-10 .gallery-item{max-width:100%}}<\/style>\t\t<div class=\"elementor-image-gallery\">\n\t\t\t<div id='gallery-1' class='gallery galleryid-15042 gallery-columns-2 gallery-size-full'><dl class='gallery-item'>\n\t\t\t<dt class='gallery-icon landscape'>\n\t\t\t\t<a data-elementor-open-lightbox=\"yes\" data-elementor-lightbox-slideshow=\"5c95321\" data-elementor-lightbox-title=\"ANTIGUA3\" data-e-action-hash=\"#elementor-action%3Aaction%3Dlightbox%26settings%3DeyJpZCI6MTE2NjksInVybCI6Imh0dHBzOlwvXC9yZXNpbWFydC5jb21cL3dwLWNvbnRlbnRcL3VwbG9hZHNcLzIwMjJcLzAxXC9BTlRJR1VBMy53ZWJwIiwic2xpZGVzaG93IjoiNWM5NTMyMSJ9\" href='https:\/\/resimart.com\/wp-content\/uploads\/2022\/01\/ANTIGUA3.webp'><img fetchpriority=\"high\" decoding=\"async\" width=\"1772\" height=\"1388\" src=\"https:\/\/resimart.com\/wp-content\/uploads\/2022\/01\/ANTIGUA3.webp\" class=\"attachment-full size-full\" alt=\"Resimart historia\" srcset=\"https:\/\/resimart.com\/wp-content\/uploads\/2022\/01\/ANTIGUA3.webp 1772w, https:\/\/resimart.com\/wp-content\/uploads\/2022\/01\/ANTIGUA3-300x235.webp 300w, https:\/\/resimart.com\/wp-content\/uploads\/2022\/01\/ANTIGUA3-1024x802.webp 1024w, https:\/\/resimart.com\/wp-content\/uploads\/2022\/01\/ANTIGUA3-768x602.webp 768w, https:\/\/resimart.com\/wp-content\/uploads\/2022\/01\/ANTIGUA3-1536x1203.webp 1536w\" sizes=\"(max-width: 1772px) 100vw, 1772px\" \/><\/a>\n\t\t\t<\/dt><\/dl><dl class='gallery-item'>\n\t\t\t<dt class='gallery-icon landscape'>\n\t\t\t\t<a data-elementor-open-lightbox=\"yes\" data-elementor-lightbox-slideshow=\"5c95321\" data-elementor-lightbox-title=\"antigua-1\" data-e-action-hash=\"#elementor-action%3Aaction%3Dlightbox%26settings%3DeyJpZCI6MTE2NjUsInVybCI6Imh0dHBzOlwvXC9yZXNpbWFydC5jb21cL3dwLWNvbnRlbnRcL3VwbG9hZHNcLzIwMjJcLzAxXC9hbnRpZ3VhLTEud2VicCIsInNsaWRlc2hvdyI6IjVjOTUzMjEifQ%3D%3D\" href='https:\/\/resimart.com\/wp-content\/uploads\/2022\/01\/antigua-1.webp'><img decoding=\"async\" width=\"1729\" height=\"1323\" src=\"https:\/\/resimart.com\/wp-content\/uploads\/2022\/01\/antigua-1.webp\" class=\"attachment-full size-full\" alt=\"Resimart historia\" srcset=\"https:\/\/resimart.com\/wp-content\/uploads\/2022\/01\/antigua-1.webp 1729w, https:\/\/resimart.com\/wp-content\/uploads\/2022\/01\/antigua-1-300x230.webp 300w, https:\/\/resimart.com\/wp-content\/uploads\/2022\/01\/antigua-1-1024x784.webp 1024w, https:\/\/resimart.com\/wp-content\/uploads\/2022\/01\/antigua-1-768x588.webp 768w, https:\/\/resimart.com\/wp-content\/uploads\/2022\/01\/antigua-1-1536x1175.webp 1536w\" sizes=\"(max-width: 1729px) 100vw, 1729px\" \/><\/a>\n\t\t\t<\/dt><\/dl><br style=\"clear: both\" \/>\n\t\t<\/div>\n\t\t<\/div>\n\t\t\t\t<\/div>\n\t\t\t\t<\/div>\n\t\t\t\t\t<\/div>\n\t\t<\/div>\n\t\t\t\t<div class=\"elementor-column elementor-col-50 elementor-top-column elementor-element elementor-element-412720b5\" data-id=\"412720b5\" data-element_type=\"column\">\n\t\t\t<div class=\"elementor-widget-wrap elementor-element-populated\">\n\t\t\t\t\t\t<div class=\"elementor-element elementor-element-4ad0e0bd elementor-invisible elementor-widget elementor-widget-image\" data-id=\"4ad0e0bd\" data-element_type=\"widget\" data-settings=\"{&quot;_animation&quot;:&quot;fadeIn&quot;}\" data-widget_type=\"image.default\">\n\t\t\t\t<div class=\"elementor-widget-container\">\n\t\t\t<style>\/*! elementor - v3.22.0 - 24-06-2024 *\/\n.elementor-widget-image{text-align:center}.elementor-widget-image a{display:inline-block}.elementor-widget-image a img[src$=\".svg\"]{width:48px}.elementor-widget-image img{vertical-align:middle;display:inline-block}<\/style>\t\t\t\t\t\t\t\t\t\t<img decoding=\"async\" width=\"1417\" height=\"2097\" src=\"https:\/\/resimart.com\/wp-content\/uploads\/2022\/01\/ANTIGUA2.webp\" class=\"attachment-full size-full wp-image-11659\" alt=\"Resimart historia\" srcset=\"https:\/\/resimart.com\/wp-content\/uploads\/2022\/01\/ANTIGUA2.webp 1417w, https:\/\/resimart.com\/wp-content\/uploads\/2022\/01\/ANTIGUA2-203x300.webp 203w, https:\/\/resimart.com\/wp-content\/uploads\/2022\/01\/ANTIGUA2-692x1024.webp 692w, https:\/\/resimart.com\/wp-content\/uploads\/2022\/01\/ANTIGUA2-768x1137.webp 768w, https:\/\/resimart.com\/wp-content\/uploads\/2022\/01\/ANTIGUA2-1038x1536.webp 1038w, https:\/\/resimart.com\/wp-content\/uploads\/2022\/01\/ANTIGUA2-1384x2048.webp 1384w\" sizes=\"(max-width: 1417px) 100vw, 1417px\" \/>\t\t\t\t\t\t\t\t\t\t\t\t\t<\/div>\n\t\t\t\t<\/div>\n\t\t\t\t\t<\/div>\n\t\t<\/div>\n\t\t\t\t\t<\/div>\n\t\t<\/section>\n\t\t\t\t<section class=\"elementor-section elementor-top-section elementor-element elementor-element-555f372b elementor-reverse-mobile elementor-section-content-middle elementor-section-boxed elementor-section-height-default elementor-section-height-default\" data-id=\"555f372b\" data-element_type=\"section\">\n\t\t\t\t\t\t<div class=\"elementor-container elementor-column-gap-default\">\n\t\t\t\t\t<div class=\"elementor-column elementor-col-50 elementor-top-column elementor-element elementor-element-60fc143d\" data-id=\"60fc143d\" data-element_type=\"column\">\n\t\t\t<div class=\"elementor-widget-wrap elementor-element-populated\">\n\t\t\t\t\t\t<div class=\"elementor-element elementor-element-2f108c0d elementor-invisible elementor-widget elementor-widget-image\" data-id=\"2f108c0d\" data-element_type=\"widget\" data-settings=\"{&quot;_animation&quot;:&quot;fadeIn&quot;}\" data-widget_type=\"image.default\">\n\t\t\t\t<div class=\"elementor-widget-container\">\n\t\t\t\t\t\t\t\t\t\t\t\t\t<img loading=\"lazy\" decoding=\"async\" width=\"380\" height=\"160\" src=\"https:\/\/resimart.com\/wp-content\/uploads\/2012\/12\/proyecto-llave-en-mano1.jpg\" class=\"attachment-full size-full wp-image-9697\" alt=\"proyectos llave en mano\" srcset=\"https:\/\/resimart.com\/wp-content\/uploads\/2012\/12\/proyecto-llave-en-mano1.jpg 380w, https:\/\/resimart.com\/wp-content\/uploads\/2012\/12\/proyecto-llave-en-mano1-300x126.jpg 300w, https:\/\/resimart.com\/wp-content\/uploads\/2012\/12\/proyecto-llave-en-mano1-260x109.jpg 260w, https:\/\/resimart.com\/wp-content\/uploads\/2012\/12\/proyecto-llave-en-mano1-50x21.jpg 50w, https:\/\/resimart.com\/wp-content\/uploads\/2012\/12\/proyecto-llave-en-mano1-166x70.jpg 166w\" sizes=\"(max-width: 380px) 100vw, 380px\" \/>\t\t\t\t\t\t\t\t\t\t\t\t\t<\/div>\n\t\t\t\t<\/div>\n\t\t\t\t\t<\/div>\n\t\t<\/div>\n\t\t\t\t<div class=\"elementor-column elementor-col-50 elementor-top-column elementor-element elementor-element-1c79e81e\" data-id=\"1c79e81e\" data-element_type=\"column\">\n\t\t\t<div class=\"elementor-widget-wrap elementor-element-populated\">\n\t\t\t\t\t\t<div class=\"elementor-element elementor-element-11e009fa elementor-widget elementor-widget-heading\" data-id=\"11e009fa\" data-element_type=\"widget\" data-widget_type=\"heading.default\">\n\t\t\t\t<div class=\"elementor-widget-container\">\n\t\t\t<h2 class=\"elementor-heading-title elementor-size-default\">Exportation de machines pour l'industrie de b\u00e9ton pr\u00e9fabriqu\u00e9<\/h2>\t\t<\/div>\n\t\t\t\t<\/div>\n\t\t\t\t<div class=\"elementor-element elementor-element-58e0ecb6 elementor-widget elementor-widget-text-editor\" data-id=\"58e0ecb6\" data-element_type=\"widget\" data-widget_type=\"text-editor.default\">\n\t\t\t\t<div class=\"elementor-widget-container\">\n\t\t\t\t\t\t\t<p>Actuellement, Resimart est form\u00e9 par une \u00e9quipe de plus de 30 personnes et, depuis ses installations situ\u00e9es dans la zone industrielle de La Pahilla de Chiva, exporte vers des pays sur plusieurs continents tels que la Russie, l&rsquo;Ukraine, le Maroc ou le Mexique.<\/p><p>Des endroits o\u00f9 nous disposons d&rsquo;un r\u00e9seau de commerciaux qui nous apportent le soutien n\u00e9cessaire pour que nos clients de l&rsquo;ext\u00e9rieur de nos fronti\u00e8res puissent trouver la solution qui convient le mieux \u00e0 leurs besoins et \u00e0 leurs cadences de production.<\/p>\t\t\t\t\t\t<\/div>\n\t\t\t\t<\/div>\n\t\t\t\t\t<\/div>\n\t\t<\/div>\n\t\t\t\t\t<\/div>\n\t\t<\/section>\n\t\t\t\t<section class=\"elementor-section elementor-top-section elementor-element elementor-element-13bd2eb elementor-reverse-mobile elementor-section-boxed elementor-section-height-default elementor-section-height-default\" data-id=\"13bd2eb\" data-element_type=\"section\">\n\t\t\t\t\t\t<div class=\"elementor-container elementor-column-gap-default\">\n\t\t\t\t\t<div class=\"elementor-column elementor-col-100 elementor-top-column elementor-element elementor-element-15d7c0b\" data-id=\"15d7c0b\" data-element_type=\"column\">\n\t\t\t<div class=\"elementor-widget-wrap elementor-element-populated\">\n\t\t\t\t\t\t<div class=\"elementor-element elementor-element-1ede703 elementor-invisible elementor-widget elementor-widget-image\" data-id=\"1ede703\" data-element_type=\"widget\" data-settings=\"{&quot;_animation&quot;:&quot;fadeIn&quot;}\" data-widget_type=\"image.default\">\n\t\t\t\t<div class=\"elementor-widget-container\">\n\t\t\t\t\t\t\t\t\t\t\t\t\t<img loading=\"lazy\" decoding=\"async\" width=\"1024\" height=\"570\" src=\"https:\/\/resimart.com\/wp-content\/uploads\/2018\/07\/mapa-esp.jpg\" class=\"attachment-full size-full wp-image-10984\" alt=\"mapa esp\" srcset=\"https:\/\/resimart.com\/wp-content\/uploads\/2018\/07\/mapa-esp.jpg 1024w, https:\/\/resimart.com\/wp-content\/uploads\/2018\/07\/mapa-esp-300x167.jpg 300w, https:\/\/resimart.com\/wp-content\/uploads\/2018\/07\/mapa-esp-768x428.jpg 768w, https:\/\/resimart.com\/wp-content\/uploads\/2018\/07\/mapa-esp-260x146.jpg 260w, https:\/\/resimart.com\/wp-content\/uploads\/2018\/07\/mapa-esp-50x28.jpg 50w, https:\/\/resimart.com\/wp-content\/uploads\/2018\/07\/mapa-esp-126x70.jpg 126w\" sizes=\"(max-width: 1024px) 100vw, 1024px\" \/>\t\t\t\t\t\t\t\t\t\t\t\t\t<\/div>\n\t\t\t\t<\/div>\n\t\t\t\t\t<\/div>\n\t\t<\/div>\n\t\t\t\t\t<\/div>\n\t\t<\/section>\n\t\t\t\t<section class=\"elementor-section elementor-top-section elementor-element elementor-element-69abd845 elementor-section-boxed elementor-section-height-default elementor-section-height-default\" data-id=\"69abd845\" data-element_type=\"section\" data-settings=\"{&quot;background_background&quot;:&quot;classic&quot;}\">\n\t\t\t\t\t\t\t<div class=\"elementor-background-overlay\"><\/div>\n\t\t\t\t\t\t\t<div class=\"elementor-container elementor-column-gap-default\">\n\t\t\t\t\t<div class=\"elementor-column elementor-col-50 elementor-top-column elementor-element elementor-element-7181a0d8\" data-id=\"7181a0d8\" data-element_type=\"column\">\n\t\t\t<div class=\"elementor-widget-wrap elementor-element-populated\">\n\t\t\t\t\t\t<div class=\"elementor-element elementor-element-90997ec elementor-widget elementor-widget-heading\" data-id=\"90997ec\" data-element_type=\"widget\" data-widget_type=\"heading.default\">\n\t\t\t\t<div class=\"elementor-widget-container\">\n\t\t\t<p class=\"elementor-heading-title elementor-size-default\">L'objectif de Resimart est de continuer \u00e0 \u00e9tendre les march\u00e9s sur les diff\u00e9rents continents<\/p>\t\t<\/div>\n\t\t\t\t<\/div>\n\t\t\t\t<div class=\"elementor-element elementor-element-54546c53 elementor-widget elementor-widget-text-editor\" data-id=\"54546c53\" data-element_type=\"widget\" data-widget_type=\"text-editor.default\">\n\t\t\t\t<div class=\"elementor-widget-container\">\n\t\t\t\t\t\t\tTravaillant \u00e0 l&rsquo;internationalisation de l&rsquo;entreprise pour exporter \u00e0 la fois des \u00e9quipements et des machines et l&rsquo;exp\u00e9rience et les connaissances de notre \u00e9quipe lors de l&rsquo;assemblage, de la conception et du d\u00e9veloppement de projets cl\u00e9s en main adapt\u00e9s aux besoins de chaque client. \t\t\t\t\t\t<\/div>\n\t\t\t\t<\/div>\n\t\t\t\t\t<\/div>\n\t\t<\/div>\n\t\t\t\t<div class=\"elementor-column elementor-col-50 elementor-top-column elementor-element elementor-element-dc6ed08\" data-id=\"dc6ed08\" data-element_type=\"column\">\n\t\t\t<div class=\"elementor-widget-wrap elementor-element-populated\">\n\t\t\t\t\t\t<div class=\"elementor-element elementor-element-5d9028c5 elementor-cta--skin-cover elementor-animated-content elementor-bg-transform elementor-bg-transform-zoom-in elementor-widget elementor-widget-call-to-action\" data-id=\"5d9028c5\" data-element_type=\"widget\" data-widget_type=\"call-to-action.default\">\n\t\t\t\t<div class=\"elementor-widget-container\">\n\t\t\t<link rel=\"stylesheet\" href=\"https:\/\/resimart.com\/wp-content\/plugins\/elementor-pro\/assets\/css\/widget-call-to-action.min.css\">\t\t<div class=\"elementor-cta\">\n\t\t\t\t\t<div class=\"elementor-cta__bg-wrapper\">\n\t\t\t\t<div class=\"elementor-cta__bg elementor-bg\" style=\"background-image: url();\" role=\"img\" aria-label=\"\"><\/div>\n\t\t\t\t<div class=\"elementor-cta__bg-overlay\"><\/div>\n\t\t\t<\/div>\n\t\t\t\t\t\t\t<div class=\"elementor-cta__content\">\n\t\t\t\t\n\t\t\t\t\t\t\t\t\t<h2 class=\"elementor-cta__title elementor-cta__content-item elementor-content-item elementor-animated-item--grow\">\n\t\t\t\t\t\tAvez-vous besoin de conseils?\t\t\t\t\t<\/h2>\n\t\t\t\t\n\t\t\t\t\t\t\t\t\t<div class=\"elementor-cta__description elementor-cta__content-item elementor-content-item elementor-animated-item--grow\">\n\t\t\t\t\t\tNous offrons nos connaissances et nos recommandations sur le type de machines et les voies de production qui correspondent le mieux \u00e0 votre espace, votre budget et votre production estim\u00e9e.\t\t\t\t\t<\/div>\n\t\t\t\t\n\t\t\t\t\t\t\t\t\t<div class=\"elementor-cta__button-wrapper elementor-cta__content-item elementor-content-item elementor-animated-item--grow\">\n\t\t\t\t\t<a class=\"elementor-cta__button elementor-button elementor-size-\" href=\"https:\/\/resimart.com\/fr\/nous-contacter\/\">\n\t\t\t\t\t\tNous contacter\t\t\t\t\t<\/a>\n\t\t\t\t\t<\/div>\n\t\t\t\t\t\t\t<\/div>\n\t\t\t\t\t\t<\/div>\n\t\t\t\t<\/div>\n\t\t\t\t<\/div>\n\t\t\t\t\t<\/div>\n\t\t<\/div>\n\t\t\t\t\t<\/div>\n\t\t<\/section>\n\t\t\t\t<\/div>\n\t\t","protected":false},"excerpt":{"rendered":"<p>Notre histoire commence avec la premi\u00e8re machine pour l&rsquo;industrie pr\u00e9fabriqu\u00e9e qui a vu le jour en 1978. Quatre d\u00e9cennies plus tard, nous pouvons compter sur plus de 300 fabricants parmi nos clients r\u00e9partis dans le monde entier. Le premier projet complet cl\u00e9 en main expansion internationale esimart a commenc\u00e9 son parcours avec le d\u00e9veloppement de&hellip;&nbsp;<a href=\"https:\/\/resimart.com\/fr\/histoire\/\" class=\"\" rel=\"bookmark\">Lire la suite &raquo;<span class=\"screen-reader-text\">Histoire<\/span><\/a><\/p>\n","protected":false},"author":1,"featured_media":0,"parent":0,"menu_order":0,"comment_status":"closed","ping_status":"open","template":"elementor_header_footer","meta":{"content-type":"","neve_meta_sidebar":"","neve_meta_container":"","neve_meta_enable_content_width":"off","neve_meta_content_width":100,"neve_meta_title_alignment":"","neve_meta_author_avatar":"","neve_post_elements_order":"","neve_meta_disable_header":"","neve_meta_disable_footer":"","neve_meta_disable_title":"","footnotes":""},"categories":[],"tags":[],"_links":{"self":[{"href":"https:\/\/resimart.com\/fr\/wp-json\/wp\/v2\/pages\/15042"}],"collection":[{"href":"https:\/\/resimart.com\/fr\/wp-json\/wp\/v2\/pages"}],"about":[{"href":"https:\/\/resimart.com\/fr\/wp-json\/wp\/v2\/types\/page"}],"author":[{"embeddable":true,"href":"https:\/\/resimart.com\/fr\/wp-json\/wp\/v2\/users\/1"}],"replies":[{"embeddable":true,"href":"https:\/\/resimart.com\/fr\/wp-json\/wp\/v2\/comments?post=15042"}],"version-history":[{"count":1,"href":"https:\/\/resimart.com\/fr\/wp-json\/wp\/v2\/pages\/15042\/revisions"}],"predecessor-version":[{"id":15043,"href":"https:\/\/resimart.com\/fr\/wp-json\/wp\/v2\/pages\/15042\/revisions\/15043"}],"wp:attachment":[{"href":"https:\/\/resimart.com\/fr\/wp-json\/wp\/v2\/media?parent=15042"}],"wp:term":[{"taxonomy":"category","embeddable":true,"href":"https:\/\/resimart.com\/fr\/wp-json\/wp\/v2\/categories?post=15042"},{"taxonomy":"post_tag","embeddable":true,"href":"https:\/\/resimart.com\/fr\/wp-json\/wp\/v2\/tags?post=15042"}],"curies":[{"name":"wp","href":"https:\/\/api.w.org\/{rel}","templated":true}]}}