{"id":15022,"date":"2015-03-17T17:22:23","date_gmt":"2015-03-17T16:22:23","guid":{"rendered":"https:\/\/resimart.com\/a-propos\/"},"modified":"2022-03-30T09:42:50","modified_gmt":"2022-03-30T07:42:50","slug":"a-propos","status":"publish","type":"page","link":"https:\/\/resimart.com\/fr\/a-propos\/","title":{"rendered":"\u00c0 propos"},"content":{"rendered":"\t\t<div data-elementor-type=\"wp-page\" data-elementor-id=\"15022\" class=\"elementor elementor-15022 elementor-9378\" data-elementor-post-type=\"page\">\n\t\t\t\t\t\t<section class=\"elementor-section elementor-top-section elementor-element elementor-element-7f3ba8b elementor-section-height-min-height elementor-section-boxed elementor-section-height-default elementor-section-items-middle\" data-id=\"7f3ba8b\" data-element_type=\"section\" data-settings=\"{&quot;background_background&quot;:&quot;classic&quot;}\">\n\t\t\t\t\t\t\t<div class=\"elementor-background-overlay\"><\/div>\n\t\t\t\t\t\t\t<div class=\"elementor-container elementor-column-gap-default\">\n\t\t\t\t\t<div class=\"elementor-column elementor-col-50 elementor-top-column elementor-element elementor-element-edd34c4\" data-id=\"edd34c4\" data-element_type=\"column\">\n\t\t\t<div class=\"elementor-widget-wrap elementor-element-populated\">\n\t\t\t\t\t\t<div class=\"elementor-element elementor-element-e0be0da elementor-widget elementor-widget-heading\" data-id=\"e0be0da\" data-element_type=\"widget\" data-widget_type=\"heading.default\">\n\t\t\t\t<div class=\"elementor-widget-container\">\n\t\t\t<style>\/*! elementor - v3.22.0 - 24-06-2024 *\/\n.elementor-heading-title{padding:0;margin:0;line-height:1}.elementor-widget-heading .elementor-heading-title[class*=elementor-size-]>a{color:inherit;font-size:inherit;line-height:inherit}.elementor-widget-heading .elementor-heading-title.elementor-size-small{font-size:15px}.elementor-widget-heading .elementor-heading-title.elementor-size-medium{font-size:19px}.elementor-widget-heading .elementor-heading-title.elementor-size-large{font-size:29px}.elementor-widget-heading .elementor-heading-title.elementor-size-xl{font-size:39px}.elementor-widget-heading .elementor-heading-title.elementor-size-xxl{font-size:59px}<\/style><p class=\"elementor-heading-title elementor-size-default\">Nous concevons, fabriquons et installons des installations compl\u00e8tes avec des machines et des accessoires pour la production de b\u00e9ton pr\u00e9contraint pr\u00e9fabriqu\u00e9.\n<\/p>\t\t<\/div>\n\t\t\t\t<\/div>\n\t\t\t\t\t<\/div>\n\t\t<\/div>\n\t\t\t\t<div class=\"elementor-column elementor-col-50 elementor-top-column elementor-element elementor-element-0716828\" data-id=\"0716828\" data-element_type=\"column\">\n\t\t\t<div class=\"elementor-widget-wrap\">\n\t\t\t\t\t\t\t<\/div>\n\t\t<\/div>\n\t\t\t\t\t<\/div>\n\t\t<\/section>\n\t\t\t\t<section class=\"elementor-section elementor-top-section elementor-element elementor-element-aa2cc0f elementor-section-boxed elementor-section-height-default elementor-section-height-default\" data-id=\"aa2cc0f\" data-element_type=\"section\">\n\t\t\t\t\t\t<div class=\"elementor-container elementor-column-gap-default\">\n\t\t\t\t\t<div class=\"elementor-column elementor-col-50 elementor-top-column elementor-element elementor-element-4cdde0b\" data-id=\"4cdde0b\" data-element_type=\"column\">\n\t\t\t<div class=\"elementor-widget-wrap elementor-element-populated\">\n\t\t\t\t\t\t<div class=\"elementor-element elementor-element-21fe698 elementor-widget elementor-widget-heading\" data-id=\"21fe698\" data-element_type=\"widget\" data-widget_type=\"heading.default\">\n\t\t\t\t<div class=\"elementor-widget-container\">\n\t\t\t<h2 class=\"elementor-heading-title elementor-size-default\">D\u00e9veloppement de nouveaux \u00e9quipements<\/h2>\t\t<\/div>\n\t\t\t\t<\/div>\n\t\t\t\t<div class=\"elementor-element elementor-element-b10867a elementor-widget elementor-widget-heading\" data-id=\"b10867a\" data-element_type=\"widget\" data-widget_type=\"heading.default\">\n\t\t\t\t<div class=\"elementor-widget-container\">\n\t\t\t<h3 class=\"elementor-heading-title elementor-size-default\">Assemblage, mise en marche et formation<\/h3>\t\t<\/div>\n\t\t\t\t<\/div>\n\t\t\t\t<div class=\"elementor-element elementor-element-0c24521 elementor-widget elementor-widget-text-editor\" data-id=\"0c24521\" data-element_type=\"widget\" data-widget_type=\"text-editor.default\">\n\t\t\t\t<div class=\"elementor-widget-container\">\n\t\t\t<style>\/*! elementor - v3.22.0 - 24-06-2024 *\/\n.elementor-widget-text-editor.elementor-drop-cap-view-stacked .elementor-drop-cap{background-color:#69727d;color:#fff}.elementor-widget-text-editor.elementor-drop-cap-view-framed .elementor-drop-cap{color:#69727d;border:3px solid;background-color:transparent}.elementor-widget-text-editor:not(.elementor-drop-cap-view-default) .elementor-drop-cap{margin-top:8px}.elementor-widget-text-editor:not(.elementor-drop-cap-view-default) .elementor-drop-cap-letter{width:1em;height:1em}.elementor-widget-text-editor .elementor-drop-cap{float:left;text-align:center;line-height:1;font-size:50px}.elementor-widget-text-editor .elementor-drop-cap-letter{display:inline-block}<\/style>\t\t\t\t<p>L&rsquo;une de nos caract\u00e9ristiques est le d\u00e9veloppement de nouveaux \u00e9quipements bas\u00e9s sur une i<strong>nnovation constante<\/strong> pour r\u00e9aliser des machines de plus en plus <strong>pr\u00e9cises et fiables<\/strong> qui s&rsquo;adaptent aux besoins des fabricants de structures en b\u00e9ton. Un secteur en constante \u00e9volution en raison de la demande croissante de ce mat\u00e9riau pour la construction de tous types d&rsquo;infrastructures.<\/p><p>De plus, nous offrons \u00e0 nos clients toute une s\u00e9rie de services qui apportent une <strong>valeur ajout\u00e9e<\/strong>de la plus haute importance, tels que les t\u00e2ches de montage, de mise en service et la formation de toute votre \u00e9quipe pour l&rsquo;utilisation correcte des machines et installations Resimart.<\/p>\t\t\t\t\t\t<\/div>\n\t\t\t\t<\/div>\n\t\t\t\t\t<\/div>\n\t\t<\/div>\n\t\t\t\t<div class=\"elementor-column elementor-col-50 elementor-top-column elementor-element elementor-element-8c6328d\" data-id=\"8c6328d\" data-element_type=\"column\">\n\t\t\t<div class=\"elementor-widget-wrap elementor-element-populated\">\n\t\t\t\t\t\t<div class=\"elementor-element elementor-element-6910d03 elementor-invisible elementor-widget elementor-widget-image\" data-id=\"6910d03\" data-element_type=\"widget\" data-settings=\"{&quot;_animation&quot;:&quot;fadeIn&quot;}\" data-widget_type=\"image.default\">\n\t\t\t\t<div class=\"elementor-widget-container\">\n\t\t\t<style>\/*! elementor - v3.22.0 - 24-06-2024 *\/\n.elementor-widget-image{text-align:center}.elementor-widget-image a{display:inline-block}.elementor-widget-image a img[src$=\".svg\"]{width:48px}.elementor-widget-image img{vertical-align:middle;display:inline-block}<\/style>\t\t\t\t\t\t\t\t\t\t<img fetchpriority=\"high\" decoding=\"async\" width=\"1400\" height=\"933\" src=\"https:\/\/resimart.com\/wp-content\/uploads\/2022\/01\/resimart-empresa.webp\" class=\"attachment-full size-full wp-image-11545\" alt=\"Resimart Maquinaria Hormig\u00f3n\" srcset=\"https:\/\/resimart.com\/wp-content\/uploads\/2022\/01\/resimart-empresa.webp 1400w, https:\/\/resimart.com\/wp-content\/uploads\/2022\/01\/resimart-empresa-300x200.webp 300w, https:\/\/resimart.com\/wp-content\/uploads\/2022\/01\/resimart-empresa-1024x682.webp 1024w, https:\/\/resimart.com\/wp-content\/uploads\/2022\/01\/resimart-empresa-768x512.webp 768w, https:\/\/resimart.com\/wp-content\/uploads\/2022\/01\/resimart-empresa-930x620.webp 930w\" sizes=\"(max-width: 1400px) 100vw, 1400px\" \/>\t\t\t\t\t\t\t\t\t\t\t\t\t<\/div>\n\t\t\t\t<\/div>\n\t\t\t\t\t<\/div>\n\t\t<\/div>\n\t\t\t\t\t<\/div>\n\t\t<\/section>\n\t\t\t\t<section class=\"elementor-section elementor-top-section elementor-element elementor-element-da1e9a9 elementor-reverse-mobile elementor-section-boxed elementor-section-height-default elementor-section-height-default\" data-id=\"da1e9a9\" data-element_type=\"section\">\n\t\t\t\t\t\t<div class=\"elementor-container elementor-column-gap-default\">\n\t\t\t\t\t<div class=\"elementor-column elementor-col-50 elementor-top-column elementor-element elementor-element-5b8909a\" data-id=\"5b8909a\" data-element_type=\"column\">\n\t\t\t<div class=\"elementor-widget-wrap elementor-element-populated\">\n\t\t\t\t\t\t<div class=\"elementor-element elementor-element-630c47d elementor-invisible elementor-widget elementor-widget-image\" data-id=\"630c47d\" data-element_type=\"widget\" data-settings=\"{&quot;_animation&quot;:&quot;fadeIn&quot;}\" data-widget_type=\"image.default\">\n\t\t\t\t<div class=\"elementor-widget-container\">\n\t\t\t\t\t\t\t\t\t\t\t\t\t<img decoding=\"async\" width=\"1400\" height=\"933\" src=\"https:\/\/resimart.com\/wp-content\/uploads\/2022\/01\/IMG_3199.webp\" class=\"attachment-full size-full wp-image-11573\" alt=\"Resimart Maquinaria Hormig\u00f3n\" srcset=\"https:\/\/resimart.com\/wp-content\/uploads\/2022\/01\/IMG_3199.webp 1400w, https:\/\/resimart.com\/wp-content\/uploads\/2022\/01\/IMG_3199-300x200.webp 300w, https:\/\/resimart.com\/wp-content\/uploads\/2022\/01\/IMG_3199-1024x682.webp 1024w, https:\/\/resimart.com\/wp-content\/uploads\/2022\/01\/IMG_3199-768x512.webp 768w, https:\/\/resimart.com\/wp-content\/uploads\/2022\/01\/IMG_3199-930x620.webp 930w\" sizes=\"(max-width: 1400px) 100vw, 1400px\" \/>\t\t\t\t\t\t\t\t\t\t\t\t\t<\/div>\n\t\t\t\t<\/div>\n\t\t\t\t\t<\/div>\n\t\t<\/div>\n\t\t\t\t<div class=\"elementor-column elementor-col-50 elementor-top-column elementor-element elementor-element-61307c9\" data-id=\"61307c9\" data-element_type=\"column\">\n\t\t\t<div class=\"elementor-widget-wrap elementor-element-populated\">\n\t\t\t\t\t\t<div class=\"elementor-element elementor-element-d9d1ccc elementor-widget elementor-widget-heading\" data-id=\"d9d1ccc\" data-element_type=\"widget\" data-widget_type=\"heading.default\">\n\t\t\t\t<div class=\"elementor-widget-container\">\n\t\t\t<h2 class=\"elementor-heading-title elementor-size-default\">Solutions innovantes d\u00e9velopp\u00e9es avec notre propre technologie<\/h2>\t\t<\/div>\n\t\t\t\t<\/div>\n\t\t\t\t<div class=\"elementor-element elementor-element-58b62dc elementor-widget elementor-widget-heading\" data-id=\"58b62dc\" data-element_type=\"widget\" data-widget_type=\"heading.default\">\n\t\t\t\t<div class=\"elementor-widget-container\">\n\t\t\t<h3 class=\"elementor-heading-title elementor-size-default\">Assemblage, mise en marche et formation<\/h3>\t\t<\/div>\n\t\t\t\t<\/div>\n\t\t\t\t<div class=\"elementor-element elementor-element-d5213aa elementor-widget elementor-widget-text-editor\" data-id=\"d5213aa\" data-element_type=\"widget\" data-widget_type=\"text-editor.default\">\n\t\t\t\t<div class=\"elementor-widget-container\">\n\t\t\t\t\t\t\t<p>Nos machines fileuses et extrudeuses permettent de fabriquer du b\u00e9ton pr\u00e9contraint avec la technique choisie par le client <strong>en fonction de ses besoins ou de sa capacit\u00e9 de production<\/strong>.<\/p><p>En plus de ces solutions, Resimart propose toute une s\u00e9rie de <strong>machines con\u00e7ues pour faciliter et am\u00e9liorer la productivit\u00e9 dans les processus de cr\u00e9ation de b\u00e9ton pr\u00e9fabriqu\u00e9<\/strong>: lance-c\u00e2bles, machines \u00e0 d\u00e9couper, machines de nettoyage, transporteurs&#8230; compl\u00e9ments id\u00e9aux pour les usines sp\u00e9cialis\u00e9es dans les pi\u00e8ces en b\u00e9ton pr\u00e9contraint.<\/p>\t\t\t\t\t\t<\/div>\n\t\t\t\t<\/div>\n\t\t\t\t\t<\/div>\n\t\t<\/div>\n\t\t\t\t\t<\/div>\n\t\t<\/section>\n\t\t\t\t<section class=\"elementor-section elementor-top-section elementor-element elementor-element-ae687f9 elementor-section-boxed elementor-section-height-default elementor-section-height-default\" data-id=\"ae687f9\" data-element_type=\"section\" data-settings=\"{&quot;background_background&quot;:&quot;classic&quot;}\">\n\t\t\t\t\t\t\t<div class=\"elementor-background-overlay\"><\/div>\n\t\t\t\t\t\t\t<div class=\"elementor-container elementor-column-gap-default\">\n\t\t\t\t\t<div class=\"elementor-column elementor-col-50 elementor-top-column elementor-element elementor-element-a8de286\" data-id=\"a8de286\" data-element_type=\"column\">\n\t\t\t<div class=\"elementor-widget-wrap elementor-element-populated\">\n\t\t\t\t\t\t<div class=\"elementor-element elementor-element-f95fe88 elementor-widget elementor-widget-heading\" data-id=\"f95fe88\" data-element_type=\"widget\" data-widget_type=\"heading.default\">\n\t\t\t\t<div class=\"elementor-widget-container\">\n\t\t\t<p class=\"elementor-heading-title elementor-size-default\">Depuis des ann\u00e9es, en plus de la fabrication et de la vente de machines, chez Resimart, nous avons \u00e9galement d\u00e9cid\u00e9 de fournir un service int\u00e9gral \u00e0 nos clients en les aidant dans l'installation et la mise en service de tous nos produits.<\/p>\t\t<\/div>\n\t\t\t\t<\/div>\n\t\t\t\t<div class=\"elementor-element elementor-element-72a5c36 elementor-widget elementor-widget-text-editor\" data-id=\"72a5c36\" data-element_type=\"widget\" data-widget_type=\"text-editor.default\">\n\t\t\t\t<div class=\"elementor-widget-container\">\n\t\t\t\t\t\t\t<p>Cependant, notre vaste exp\u00e9rience dans le secteur, ajout\u00e9e \u00e0 la vocation de service, nous a amen\u00e9s \u00e0 offrir \u00e9galement des conseils pr\u00e9alables aux entreprises et aux investisseurs qui souhaitent entrer dans le secteur de la construction en b\u00e9ton pr\u00e9fabriqu\u00e9 en leur offrant nos connaissances et recommandations sur le type de machines et de pistes de production qui correspondent le mieux \u00e0 leur espace, leur budget et leur production estim\u00e9e.<\/p>\t\t\t\t\t\t<\/div>\n\t\t\t\t<\/div>\n\t\t\t\t\t<\/div>\n\t\t<\/div>\n\t\t\t\t<div class=\"elementor-column elementor-col-50 elementor-top-column elementor-element elementor-element-6b0c558\" data-id=\"6b0c558\" data-element_type=\"column\">\n\t\t\t<div class=\"elementor-widget-wrap elementor-element-populated\">\n\t\t\t\t\t\t<div class=\"elementor-element elementor-element-4e0c815 elementor-cta--skin-cover elementor-animated-content elementor-bg-transform elementor-bg-transform-zoom-in elementor-widget elementor-widget-call-to-action\" data-id=\"4e0c815\" data-element_type=\"widget\" data-widget_type=\"call-to-action.default\">\n\t\t\t\t<div class=\"elementor-widget-container\">\n\t\t\t<link rel=\"stylesheet\" href=\"https:\/\/resimart.com\/wp-content\/plugins\/elementor-pro\/assets\/css\/widget-call-to-action.min.css\">\t\t<div class=\"elementor-cta\">\n\t\t\t\t\t<div class=\"elementor-cta__bg-wrapper\">\n\t\t\t\t<div class=\"elementor-cta__bg elementor-bg\" style=\"background-image: url();\" role=\"img\" aria-label=\"\"><\/div>\n\t\t\t\t<div class=\"elementor-cta__bg-overlay\"><\/div>\n\t\t\t<\/div>\n\t\t\t\t\t\t\t<div class=\"elementor-cta__content\">\n\t\t\t\t\n\t\t\t\t\t\t\t\t\t<h2 class=\"elementor-cta__title elementor-cta__content-item elementor-content-item elementor-animated-item--grow\">\n\t\t\t\t\t\tAvez-vous besoin de conseils?\t\t\t\t\t<\/h2>\n\t\t\t\t\n\t\t\t\t\t\t\t\t\t<div class=\"elementor-cta__description elementor-cta__content-item elementor-content-item elementor-animated-item--grow\">\n\t\t\t\t\t\tNous offrons nos connaissances et nos recommandations sur le type de machines et les voies de production qui correspondent le mieux \u00e0 votre espace, votre budget et votre production estim\u00e9e.\t\t\t\t\t<\/div>\n\t\t\t\t\n\t\t\t\t\t\t\t\t\t<div class=\"elementor-cta__button-wrapper elementor-cta__content-item elementor-content-item elementor-animated-item--grow\">\n\t\t\t\t\t<a class=\"elementor-cta__button elementor-button elementor-size-\" href=\"https:\/\/resimart.com\/fr\/nous-contacter\/\">\n\t\t\t\t\t\tNous contacter\t\t\t\t\t<\/a>\n\t\t\t\t\t<\/div>\n\t\t\t\t\t\t\t<\/div>\n\t\t\t\t\t\t<\/div>\n\t\t\t\t<\/div>\n\t\t\t\t<\/div>\n\t\t\t\t\t<\/div>\n\t\t<\/div>\n\t\t\t\t\t<\/div>\n\t\t<\/section>\n\t\t\t\t<\/div>\n\t\t","protected":false},"excerpt":{"rendered":"<p>Nous concevons, fabriquons et installons des installations compl\u00e8tes avec des machines et des accessoires pour la production de b\u00e9ton pr\u00e9contraint pr\u00e9fabriqu\u00e9. D\u00e9veloppement de nouveaux \u00e9quipements Assemblage, mise en marche et formation L&rsquo;une de nos caract\u00e9ristiques est le d\u00e9veloppement de nouveaux \u00e9quipements bas\u00e9s sur une innovation constante pour r\u00e9aliser des machines de plus en plus pr\u00e9cises&hellip;&nbsp;<a href=\"https:\/\/resimart.com\/fr\/a-propos\/\" class=\"\" rel=\"bookmark\">Lire la suite &raquo;<span class=\"screen-reader-text\">\u00c0 propos<\/span><\/a><\/p>\n","protected":false},"author":1,"featured_media":11543,"parent":0,"menu_order":0,"comment_status":"closed","ping_status":"open","template":"page-templates\/template-pagebuilder-full-width.php","meta":{"content-type":"","neve_meta_sidebar":"","neve_meta_container":"","neve_meta_enable_content_width":"off","neve_meta_content_width":100,"neve_meta_title_alignment":"","neve_meta_author_avatar":"","neve_post_elements_order":"","neve_meta_disable_header":"","neve_meta_disable_footer":"","neve_meta_disable_title":"","footnotes":""},"categories":[],"tags":[],"_links":{"self":[{"href":"https:\/\/resimart.com\/fr\/wp-json\/wp\/v2\/pages\/15022"}],"collection":[{"href":"https:\/\/resimart.com\/fr\/wp-json\/wp\/v2\/pages"}],"about":[{"href":"https:\/\/resimart.com\/fr\/wp-json\/wp\/v2\/types\/page"}],"author":[{"embeddable":true,"href":"https:\/\/resimart.com\/fr\/wp-json\/wp\/v2\/users\/1"}],"replies":[{"embeddable":true,"href":"https:\/\/resimart.com\/fr\/wp-json\/wp\/v2\/comments?post=15022"}],"version-history":[{"count":1,"href":"https:\/\/resimart.com\/fr\/wp-json\/wp\/v2\/pages\/15022\/revisions"}],"predecessor-version":[{"id":15031,"href":"https:\/\/resimart.com\/fr\/wp-json\/wp\/v2\/pages\/15022\/revisions\/15031"}],"wp:featuredmedia":[{"embeddable":true,"href":"https:\/\/resimart.com\/fr\/wp-json\/wp\/v2\/media\/11543"}],"wp:attachment":[{"href":"https:\/\/resimart.com\/fr\/wp-json\/wp\/v2\/media?parent=15022"}],"wp:term":[{"taxonomy":"category","embeddable":true,"href":"https:\/\/resimart.com\/fr\/wp-json\/wp\/v2\/categories?post=15022"},{"taxonomy":"post_tag","embeddable":true,"href":"https:\/\/resimart.com\/fr\/wp-json\/wp\/v2\/tags?post=15022"}],"curies":[{"name":"wp","href":"https:\/\/api.w.org\/{rel}","templated":true}]}}