{"id":14869,"date":"2015-03-17T17:14:04","date_gmt":"2015-03-17T16:14:04","guid":{"rendered":"https:\/\/resimart.com\/projets-cles-en-main\/"},"modified":"2022-03-29T10:47:36","modified_gmt":"2022-03-29T08:47:36","slug":"projets-cles-en-main","status":"publish","type":"page","link":"https:\/\/resimart.com\/fr\/projets-cles-en-main\/","title":{"rendered":"Projets cl\u00e9s en main"},"content":{"rendered":"\t\t<div data-elementor-type=\"wp-page\" data-elementor-id=\"14869\" class=\"elementor elementor-14869 elementor-9365\" data-elementor-post-type=\"page\">\n\t\t\t\t\t\t<section class=\"elementor-section elementor-top-section elementor-element elementor-element-65cf9df9 elementor-section-height-min-height elementor-section-boxed elementor-section-height-default elementor-section-items-middle\" data-id=\"65cf9df9\" data-element_type=\"section\" data-settings=\"{&quot;background_background&quot;:&quot;classic&quot;}\">\n\t\t\t\t\t\t\t<div class=\"elementor-background-overlay\"><\/div>\n\t\t\t\t\t\t\t<div class=\"elementor-container elementor-column-gap-default\">\n\t\t\t\t\t<div class=\"elementor-column elementor-col-50 elementor-top-column elementor-element elementor-element-1663d433\" data-id=\"1663d433\" data-element_type=\"column\">\n\t\t\t<div class=\"elementor-widget-wrap elementor-element-populated\">\n\t\t\t\t\t\t<div class=\"elementor-element elementor-element-724b4618 elementor-widget elementor-widget-heading\" data-id=\"724b4618\" data-element_type=\"widget\" data-widget_type=\"heading.default\">\n\t\t\t\t<div class=\"elementor-widget-container\">\n\t\t\t<style>\/*! elementor - v3.22.0 - 24-06-2024 *\/\n.elementor-heading-title{padding:0;margin:0;line-height:1}.elementor-widget-heading .elementor-heading-title[class*=elementor-size-]>a{color:inherit;font-size:inherit;line-height:inherit}.elementor-widget-heading .elementor-heading-title.elementor-size-small{font-size:15px}.elementor-widget-heading .elementor-heading-title.elementor-size-medium{font-size:19px}.elementor-widget-heading .elementor-heading-title.elementor-size-large{font-size:29px}.elementor-widget-heading .elementor-heading-title.elementor-size-xl{font-size:39px}.elementor-widget-heading .elementor-heading-title.elementor-size-xxl{font-size:59px}<\/style><p class=\"elementor-heading-title elementor-size-default\">Installation \u00e0 partir de z\u00e9ro d'installations compl\u00e8tes pour la fabrication de b\u00e9ton pr\u00e9contraint ou de b\u00e9ton pr\u00e9fabriqu\u00e9<\/p>\t\t<\/div>\n\t\t\t\t<\/div>\n\t\t\t\t\t<\/div>\n\t\t<\/div>\n\t\t\t\t<div class=\"elementor-column elementor-col-50 elementor-top-column elementor-element elementor-element-4c2d8909\" data-id=\"4c2d8909\" data-element_type=\"column\">\n\t\t\t<div class=\"elementor-widget-wrap\">\n\t\t\t\t\t\t\t<\/div>\n\t\t<\/div>\n\t\t\t\t\t<\/div>\n\t\t<\/section>\n\t\t\t\t<section class=\"elementor-section elementor-top-section elementor-element elementor-element-02f325e elementor-section-boxed elementor-section-height-default elementor-section-height-default\" data-id=\"02f325e\" data-element_type=\"section\">\n\t\t\t\t\t\t<div class=\"elementor-container elementor-column-gap-default\">\n\t\t\t\t\t<div class=\"elementor-column elementor-col-100 elementor-top-column elementor-element elementor-element-d4cf69f\" data-id=\"d4cf69f\" data-element_type=\"column\">\n\t\t\t<div class=\"elementor-widget-wrap elementor-element-populated\">\n\t\t\t\t\t\t\t<\/div>\n\t\t<\/div>\n\t\t\t\t\t<\/div>\n\t\t<\/section>\n\t\t\t\t<section class=\"elementor-section elementor-top-section elementor-element elementor-element-5ea096d8 elementor-section-boxed elementor-section-height-default elementor-section-height-default\" data-id=\"5ea096d8\" data-element_type=\"section\">\n\t\t\t\t\t\t<div class=\"elementor-container elementor-column-gap-default\">\n\t\t\t\t\t<div class=\"elementor-column elementor-col-50 elementor-top-column elementor-element elementor-element-4a31e0e0\" data-id=\"4a31e0e0\" data-element_type=\"column\">\n\t\t\t<div class=\"elementor-widget-wrap elementor-element-populated\">\n\t\t\t\t\t\t<div class=\"elementor-element elementor-element-b18dc4d elementor-widget elementor-widget-heading\" data-id=\"b18dc4d\" data-element_type=\"widget\" data-widget_type=\"heading.default\">\n\t\t\t\t<div class=\"elementor-widget-container\">\n\t\t\t<h2 class=\"elementor-heading-title elementor-size-default\">Projets complets<\/h2>\t\t<\/div>\n\t\t\t\t<\/div>\n\t\t\t\t<div class=\"elementor-element elementor-element-7769cc2 elementor-widget elementor-widget-heading\" data-id=\"7769cc2\" data-element_type=\"widget\" data-widget_type=\"heading.default\">\n\t\t\t\t<div class=\"elementor-widget-container\">\n\t\t\t<h3 class=\"elementor-heading-title elementor-size-default\">une des valeurs ajout\u00e9es du service que Resimart\u00ae propose \u00e0 ses clients<\/h3>\t\t<\/div>\n\t\t\t\t<\/div>\n\t\t\t\t\t<\/div>\n\t\t<\/div>\n\t\t\t\t<div class=\"elementor-column elementor-col-50 elementor-top-column elementor-element elementor-element-e6eaaa8\" data-id=\"e6eaaa8\" data-element_type=\"column\">\n\t\t\t<div class=\"elementor-widget-wrap\">\n\t\t\t\t\t\t\t<\/div>\n\t\t<\/div>\n\t\t\t\t\t<\/div>\n\t\t<\/section>\n\t\t\t\t<section class=\"elementor-section elementor-top-section elementor-element elementor-element-8b50eab elementor-section-boxed elementor-section-height-default elementor-section-height-default\" data-id=\"8b50eab\" data-element_type=\"section\">\n\t\t\t\t\t\t<div class=\"elementor-container elementor-column-gap-default\">\n\t\t\t\t\t<div class=\"elementor-column elementor-col-50 elementor-top-column elementor-element elementor-element-b4dea3e\" data-id=\"b4dea3e\" data-element_type=\"column\">\n\t\t\t<div class=\"elementor-widget-wrap elementor-element-populated\">\n\t\t\t\t\t\t<div class=\"elementor-element elementor-element-480fd5d elementor-widget elementor-widget-text-editor\" data-id=\"480fd5d\" data-element_type=\"widget\" data-widget_type=\"text-editor.default\">\n\t\t\t\t<div class=\"elementor-widget-container\">\n\t\t\t<style>\/*! elementor - v3.22.0 - 24-06-2024 *\/\n.elementor-widget-text-editor.elementor-drop-cap-view-stacked .elementor-drop-cap{background-color:#69727d;color:#fff}.elementor-widget-text-editor.elementor-drop-cap-view-framed .elementor-drop-cap{color:#69727d;border:3px solid;background-color:transparent}.elementor-widget-text-editor:not(.elementor-drop-cap-view-default) .elementor-drop-cap{margin-top:8px}.elementor-widget-text-editor:not(.elementor-drop-cap-view-default) .elementor-drop-cap-letter{width:1em;height:1em}.elementor-widget-text-editor .elementor-drop-cap{float:left;text-align:center;line-height:1;font-size:50px}.elementor-widget-text-editor .elementor-drop-cap-letter{display:inline-block}<\/style>\t\t\t\t<p>Dans le secteur de la fabrication de b\u00e9ton pr\u00e9contraint ou de b\u00e9ton pr\u00e9fabriqu\u00e9, de nombreuses entreprises cherchent \u00e0 installer de toutes pi\u00e8ces une usine compl\u00e8te pour fabriquer ce type de produit et, en plus, des produits aux caract\u00e9ristiques sp\u00e9cifiques puisqu&rsquo;elles ont d\u00e9j\u00e0 un march\u00e9 ou un portefeuille de clients par d\u00e9faut. .<\/p>\t\t\t\t\t\t<\/div>\n\t\t\t\t<\/div>\n\t\t\t\t\t<\/div>\n\t\t<\/div>\n\t\t\t\t<div class=\"elementor-column elementor-col-50 elementor-top-column elementor-element elementor-element-b8ad3d0\" data-id=\"b8ad3d0\" data-element_type=\"column\">\n\t\t\t<div class=\"elementor-widget-wrap elementor-element-populated\">\n\t\t\t\t\t\t<div class=\"elementor-element elementor-element-c6a65dc elementor-widget elementor-widget-text-editor\" data-id=\"c6a65dc\" data-element_type=\"widget\" data-widget_type=\"text-editor.default\">\n\t\t\t\t<div class=\"elementor-widget-container\">\n\t\t\t\t\t\t\t<p>Pour cette raison, chez Resimart, nous offrons la possibilit\u00e9 d&rsquo;acqu\u00e9rir ou de contracter ce qu&rsquo;on appelle des projets cl\u00e9s en main, l&rsquo;une des valeurs ajout\u00e9es du service que Resimart\u00ae offre \u00e0 ses clients.<\/p>\t\t\t\t\t\t<\/div>\n\t\t\t\t<\/div>\n\t\t\t\t<section class=\"elementor-section elementor-inner-section elementor-element elementor-element-54a378a7 elementor-section-content-middle elementor-section-boxed elementor-section-height-default elementor-section-height-default\" data-id=\"54a378a7\" data-element_type=\"section\" data-settings=\"{&quot;background_background&quot;:&quot;classic&quot;}\">\n\t\t\t\t\t\t<div class=\"elementor-container elementor-column-gap-default\">\n\t\t\t\t\t<div class=\"elementor-column elementor-col-100 elementor-inner-column elementor-element elementor-element-60c177e2\" data-id=\"60c177e2\" data-element_type=\"column\">\n\t\t\t<div class=\"elementor-widget-wrap elementor-element-populated\">\n\t\t\t\t\t\t<div class=\"elementor-element elementor-element-78cfaea0 elementor-widget elementor-widget-text-editor\" data-id=\"78cfaea0\" data-element_type=\"widget\" data-widget_type=\"text-editor.default\">\n\t\t\t\t<div class=\"elementor-widget-container\">\n\t\t\t\t\t\t\tNotre \u00e9quipe d&rsquo;experts avec plus de 40 ans d&rsquo;exp\u00e9rience est capable de s&rsquo;attaquer pleinement \u00e0 tout projet complet pour une usine de b\u00e9ton pr\u00e9fabriqu\u00e9 pr\u00e9contraint.\t\t\t\t\t\t<\/div>\n\t\t\t\t<\/div>\n\t\t\t\t\t<\/div>\n\t\t<\/div>\n\t\t\t\t\t<\/div>\n\t\t<\/section>\n\t\t\t\t\t<\/div>\n\t\t<\/div>\n\t\t\t\t\t<\/div>\n\t\t<\/section>\n\t\t\t\t<\/div>\n\t\t","protected":false},"excerpt":{"rendered":"<p>Installation \u00e0 partir de z\u00e9ro d&rsquo;installations compl\u00e8tes pour la fabrication de b\u00e9ton pr\u00e9contraint ou de b\u00e9ton pr\u00e9fabriqu\u00e9 Projets complets une des valeurs ajout\u00e9es du service que Resimart\u00ae propose \u00e0 ses clients Dans le secteur de la fabrication de b\u00e9ton pr\u00e9contraint ou de b\u00e9ton pr\u00e9fabriqu\u00e9, de nombreuses entreprises cherchent \u00e0 installer de toutes pi\u00e8ces une usine&hellip;&nbsp;<a href=\"https:\/\/resimart.com\/fr\/projets-cles-en-main\/\" class=\"\" rel=\"bookmark\">Lire la suite &raquo;<span class=\"screen-reader-text\">Projets cl\u00e9s en main<\/span><\/a><\/p>\n","protected":false},"author":1,"featured_media":13623,"parent":0,"menu_order":0,"comment_status":"closed","ping_status":"open","template":"elementor_header_footer","meta":{"content-type":"","neve_meta_sidebar":"","neve_meta_container":"","neve_meta_enable_content_width":"","neve_meta_content_width":0,"neve_meta_title_alignment":"","neve_meta_author_avatar":"","neve_post_elements_order":"","neve_meta_disable_header":"","neve_meta_disable_footer":"","neve_meta_disable_title":"","footnotes":""},"categories":[],"tags":[],"_links":{"self":[{"href":"https:\/\/resimart.com\/fr\/wp-json\/wp\/v2\/pages\/14869"}],"collection":[{"href":"https:\/\/resimart.com\/fr\/wp-json\/wp\/v2\/pages"}],"about":[{"href":"https:\/\/resimart.com\/fr\/wp-json\/wp\/v2\/types\/page"}],"author":[{"embeddable":true,"href":"https:\/\/resimart.com\/fr\/wp-json\/wp\/v2\/users\/1"}],"replies":[{"embeddable":true,"href":"https:\/\/resimart.com\/fr\/wp-json\/wp\/v2\/comments?post=14869"}],"version-history":[{"count":3,"href":"https:\/\/resimart.com\/fr\/wp-json\/wp\/v2\/pages\/14869\/revisions"}],"predecessor-version":[{"id":14872,"href":"https:\/\/resimart.com\/fr\/wp-json\/wp\/v2\/pages\/14869\/revisions\/14872"}],"wp:featuredmedia":[{"embeddable":true,"href":"https:\/\/resimart.com\/fr\/wp-json\/wp\/v2\/media\/13623"}],"wp:attachment":[{"href":"https:\/\/resimart.com\/fr\/wp-json\/wp\/v2\/media?parent=14869"}],"wp:term":[{"taxonomy":"category","embeddable":true,"href":"https:\/\/resimart.com\/fr\/wp-json\/wp\/v2\/categories?post=14869"},{"taxonomy":"post_tag","embeddable":true,"href":"https:\/\/resimart.com\/fr\/wp-json\/wp\/v2\/tags?post=14869"}],"curies":[{"name":"wp","href":"https:\/\/api.w.org\/{rel}","templated":true}]}}